{"id":10,"date":"2024-04-17T07:30:15","date_gmt":"2024-04-17T05:30:15","guid":{"rendered":"https:\/\/webaruhaz.n1soft.hu\/index.php\/kosar\/"},"modified":"2024-04-17T07:30:15","modified_gmt":"2024-04-17T05:30:15","slug":"kosar","status":"publish","type":"page","link":"https:\/\/webaruhaz.n1soft.hu\/index.php\/kosar\/","title":{"rendered":"Kos\u00e1r"},"content":{"rendered":"<div data-block-name=\"woocommerce\/cart\" class=\"wp-block-woocommerce-cart alignwide is-loading\"><div data-block-name=\"woocommerce\/filled-cart-block\" class=\"wp-block-woocommerce-filled-cart-block\"><div data-block-name=\"woocommerce\/cart-items-block\" class=\"wp-block-woocommerce-cart-items-block\"><div data-block-name=\"woocommerce\/cart-line-items-block\" class=\"wp-block-woocommerce-cart-line-items-block\"><\/div>\n\n<div data-block-name=\"woocommerce\/cart-cross-sells-block\" class=\"wp-block-woocommerce-cart-cross-sells-block\">\n<h2 class=\"wp-block-heading has-large-font-size\">Tal\u00e1n \u00e9rdekelhetnek ezek&#8230;<\/h2>\n\n\n<div data-block-name=\"woocommerce\/cart-cross-sells-products-block\" class=\"wp-block-woocommerce-cart-cross-sells-products-block\"><\/div><\/div><\/div>\n\n<div data-block-name=\"woocommerce\/cart-totals-block\" class=\"wp-block-woocommerce-cart-totals-block\"><div data-block-name=\"woocommerce\/cart-order-summary-block\" class=\"wp-block-woocommerce-cart-order-summary-block\"><div data-block-name=\"woocommerce\/cart-order-summary-heading-block\" class=\"wp-block-woocommerce-cart-order-summary-heading-block\"><\/div>\n\n<div data-block-name=\"woocommerce\/cart-order-summary-coupon-form-block\" class=\"wp-block-woocommerce-cart-order-summary-coupon-form-block\"><\/div>\n\n<div data-block-name=\"woocommerce\/cart-order-summary-subtotal-block\" class=\"wp-block-woocommerce-cart-order-summary-subtotal-block\"><\/div>\n\n<div data-block-name=\"woocommerce\/cart-order-summary-fee-block\" class=\"wp-block-woocommerce-cart-order-summary-fee-block\"><\/div>\n\n<div data-block-name=\"woocommerce\/cart-order-summary-discount-block\" class=\"wp-block-woocommerce-cart-order-summary-discount-block\"><\/div>\n\n<div data-block-name=\"woocommerce\/cart-order-summary-shipping-block\" class=\"wp-block-woocommerce-cart-order-summary-shipping-block\"><\/div>\n\n<div data-block-name=\"woocommerce\/cart-order-summary-taxes-block\" class=\"wp-block-woocommerce-cart-order-summary-taxes-block\"><\/div><\/div>\n\n<div data-block-name=\"woocommerce\/cart-express-payment-block\" class=\"wp-block-woocommerce-cart-express-payment-block\"><\/div>\n\n<div data-block-name=\"woocommerce\/proceed-to-checkout-block\" class=\"wp-block-woocommerce-proceed-to-checkout-block\"><\/div>\n\n<div data-block-name=\"woocommerce\/cart-accepted-payment-methods-block\" class=\"wp-block-woocommerce-cart-accepted-payment-methods-block\"><\/div><\/div><\/div>\n\n<div data-block-name=\"woocommerce\/empty-cart-block\" class=\"wp-block-woocommerce-empty-cart-block\">\n<h2 class=\"wp-block-heading has-text-align-center with-empty-cart-icon wc-block-cart__empty-cart__title\">Jelenleg \u00fcres a kosarad.<\/h2>\n\n\n\n<hr class=\"wp-block-separator has-alpha-channel-opacity is-style-dots\"\/>\n\n\n\n<h2 class=\"wp-block-heading has-text-align-center\">\u00dajdons\u00e1gok<\/h2>\n\n\n<div data-block-name=\"woocommerce\/product-new\" data-columns=\"4\" data-rows=\"1\" class=\"wc-block-grid wp-block-product-new wc-block-product-new has-4-columns\"><ul class=\"wc-block-grid__products\"><li class=\"wc-block-grid__product\">\n\t\t\t\t<a href=\"https:\/\/webaruhaz.n1soft.hu\/index.php\/termek\/megbontas-ellen-vedo-matrica-n1soft-original\/\" class=\"wc-block-grid__product-link\">\n\t\t\t\t\t\n\t\t\t\t\t<div class=\"wc-block-grid__product-image\"><img loading=\"lazy\" decoding=\"async\" width=\"324\" height=\"262\" src=\"https:\/\/webaruhaz.n1soft.hu\/wp-content\/uploads\/2025\/06\/n1soft-original3.jpg\" class=\"attachment-woocommerce_thumbnail size-woocommerce_thumbnail\" alt=\"Megbont\u00e1s ellen v\u00e9d\u0151 matrica &quot;N1Soft - Original&quot;\" \/><\/div>\n\t\t\t\t\t<div class=\"wc-block-grid__product-title\">Megbont\u00e1s ellen v\u00e9d\u0151 matrica &#8222;N1Soft &#8211; Original&#8221;<\/div>\n\t\t\t\t<\/a>\n\t\t\t\t<div class=\"wc-block-grid__product-price price\"><span class=\"woocommerce-Price-amount amount\">350&nbsp;<span class=\"woocommerce-Price-currencySymbol\">&#070;&#116;<\/span><\/span><\/div>\n\t\t\t\t\n\t\t\t\t<div class=\"wp-block-button wc-block-grid__product-add-to-cart\"><a href=\"?add-to-cart=324\" aria-label=\"Add to cart: &ldquo;Megbont\u00e1s ellen v\u00e9d\u0151 matrica &quot;N1Soft - Original&quot;&rdquo;\" data-quantity=\"1\" data-product_id=\"324\" data-product_sku=\"\" data-price=\"350\" rel=\"nofollow\" class=\"wp-block-button__link  add_to_cart_button ajax_add_to_cart\">Add to cart<\/a><\/div>\n\t\t\t<\/li><li class=\"wc-block-grid__product\">\n\t\t\t\t<a href=\"https:\/\/webaruhaz.n1soft.hu\/index.php\/termek\/wbox2000-geo-kerites\/\" class=\"wc-block-grid__product-link\">\n\t\t\t\t\t\n\t\t\t\t\t<div class=\"wc-block-grid__product-image\"><img loading=\"lazy\" decoding=\"async\" width=\"324\" height=\"233\" src=\"https:\/\/webaruhaz.n1soft.hu\/wp-content\/uploads\/2024\/04\/wbox2000-gps-modullal-1.jpg\" class=\"attachment-woocommerce_thumbnail size-woocommerce_thumbnail\" alt=\"wBox2000 Geo-Ker\u00edt\u00e9s\" \/><\/div>\n\t\t\t\t\t<div class=\"wc-block-grid__product-title\">wBox2000 Geo-Ker\u00edt\u00e9s<\/div>\n\t\t\t\t<\/a>\n\t\t\t\t<div class=\"wc-block-grid__product-price price\"><span class=\"woocommerce-Price-amount amount\">29000&nbsp;<span class=\"woocommerce-Price-currencySymbol\">&#070;&#116;<\/span><\/span><\/div>\n\t\t\t\t\n\t\t\t\t<div class=\"wp-block-button wc-block-grid__product-add-to-cart\"><a href=\"?add-to-cart=315\" aria-label=\"Add to cart: &ldquo;wBox2000 Geo-Ker\u00edt\u00e9s&rdquo;\" data-quantity=\"1\" data-product_id=\"315\" data-product_sku=\"\" data-price=\"29000\" rel=\"nofollow\" class=\"wp-block-button__link  add_to_cart_button ajax_add_to_cart\">Add to cart<\/a><\/div>\n\t\t\t<\/li><li class=\"wc-block-grid__product\">\n\t\t\t\t<a href=\"https:\/\/webaruhaz.n1soft.hu\/index.php\/termek\/wbox2000-kamera-csomag-wbox2000-kamera-csomag-kamera-poe-tapfelado\/\" class=\"wc-block-grid__product-link\">\n\t\t\t\t\t\n\t\t\t\t\t<div class=\"wc-block-grid__product-image\"><img loading=\"lazy\" decoding=\"async\" width=\"324\" height=\"194\" src=\"https:\/\/webaruhaz.n1soft.hu\/wp-content\/uploads\/2025\/02\/wBox2000-kamera-csomag-2-1.jpg\" class=\"attachment-woocommerce_thumbnail size-woocommerce_thumbnail\" alt=\"wBox2000 Kamera csomag (wBox2000 kamera modul + Kamera + PoE t\u00e1pfelad\u00f3)\" \/><\/div>\n\t\t\t\t\t<div class=\"wc-block-grid__product-title\">wBox2000 Kamera csomag (wBox2000 kamera modul + Kamera + PoE t\u00e1pfelad\u00f3)<\/div>\n\t\t\t\t<\/a>\n\t\t\t\t<div class=\"wc-block-grid__product-price price\"><span class=\"woocommerce-Price-amount amount\">105000&nbsp;<span class=\"woocommerce-Price-currencySymbol\">&#070;&#116;<\/span><\/span><\/div>\n\t\t\t\t\n\t\t\t\t<div class=\"wp-block-button wc-block-grid__product-add-to-cart\"><a href=\"?add-to-cart=310\" aria-label=\"Add to cart: &ldquo;wBox2000 Kamera csomag (wBox2000 kamera modul + Kamera + PoE t\u00e1pfelad\u00f3)&rdquo;\" data-quantity=\"1\" data-product_id=\"310\" data-product_sku=\"\" data-price=\"105000\" rel=\"nofollow\" class=\"wp-block-button__link  add_to_cart_button ajax_add_to_cart\">Add to cart<\/a><\/div>\n\t\t\t<\/li><li class=\"wc-block-grid__product\">\n\t\t\t\t<a href=\"https:\/\/webaruhaz.n1soft.hu\/index.php\/termek\/wbox2000-kamera-modul-felvetel-keszites-kulonbozo-esemenyekre\/\" class=\"wc-block-grid__product-link\">\n\t\t\t\t\t\n\t\t\t\t\t<div class=\"wc-block-grid__product-image\"><img loading=\"lazy\" decoding=\"async\" width=\"324\" height=\"233\" src=\"https:\/\/webaruhaz.n1soft.hu\/wp-content\/uploads\/2025\/02\/wbox2000-kamera-modul.jpg\" class=\"attachment-woocommerce_thumbnail size-woocommerce_thumbnail\" alt=\"wBox2000 Kamera modul (felv\u00e9tel k\u00e9sz\u00edt\u00e9s k\u00fcl\u00f6nb\u00f6z\u0151 esem\u00e9nyekn\u00e9l)\" \/><\/div>\n\t\t\t\t\t<div class=\"wc-block-grid__product-title\">wBox2000 Kamera modul (felv\u00e9tel k\u00e9sz\u00edt\u00e9s k\u00fcl\u00f6nb\u00f6z\u0151 esem\u00e9nyekn\u00e9l)<\/div>\n\t\t\t\t<\/a>\n\t\t\t\t<div class=\"wc-block-grid__product-price price\"><span class=\"woocommerce-Price-amount amount\">65000&nbsp;<span class=\"woocommerce-Price-currencySymbol\">&#070;&#116;<\/span><\/span><\/div>\n\t\t\t\t\n\t\t\t\t<div class=\"wp-block-button wc-block-grid__product-add-to-cart\"><a href=\"?add-to-cart=307\" aria-label=\"Add to cart: &ldquo;wBox2000 Kamera modul (felv\u00e9tel k\u00e9sz\u00edt\u00e9s k\u00fcl\u00f6nb\u00f6z\u0151 esem\u00e9nyekn\u00e9l)&rdquo;\" data-quantity=\"1\" data-product_id=\"307\" data-product_sku=\"\" data-price=\"65000\" rel=\"nofollow\" class=\"wp-block-button__link  add_to_cart_button ajax_add_to_cart\">Add to cart<\/a><\/div>\n\t\t\t<\/li><\/ul><\/div><\/div><\/div>","protected":false},"excerpt":{"rendered":"","protected":false},"author":1,"featured_media":0,"parent":0,"menu_order":0,"comment_status":"closed","ping_status":"closed","template":"","meta":{"footnotes":""},"class_list":["post-10","page","type-page","status-publish","hentry"],"_links":{"self":[{"href":"https:\/\/webaruhaz.n1soft.hu\/index.php\/wp-json\/wp\/v2\/pages\/10","targetHints":{"allow":["GET"]}}],"collection":[{"href":"https:\/\/webaruhaz.n1soft.hu\/index.php\/wp-json\/wp\/v2\/pages"}],"about":[{"href":"https:\/\/webaruhaz.n1soft.hu\/index.php\/wp-json\/wp\/v2\/types\/page"}],"author":[{"embeddable":true,"href":"https:\/\/webaruhaz.n1soft.hu\/index.php\/wp-json\/wp\/v2\/users\/1"}],"replies":[{"embeddable":true,"href":"https:\/\/webaruhaz.n1soft.hu\/index.php\/wp-json\/wp\/v2\/comments?post=10"}],"version-history":[{"count":1,"href":"https:\/\/webaruhaz.n1soft.hu\/index.php\/wp-json\/wp\/v2\/pages\/10\/revisions"}],"predecessor-version":[{"id":250,"href":"https:\/\/webaruhaz.n1soft.hu\/index.php\/wp-json\/wp\/v2\/pages\/10\/revisions\/250"}],"wp:attachment":[{"href":"https:\/\/webaruhaz.n1soft.hu\/index.php\/wp-json\/wp\/v2\/media?parent=10"}],"curies":[{"name":"wp","href":"https:\/\/api.w.org\/{rel}","templated":true}]}}