{"id":132,"date":"2024-04-19T15:25:22","date_gmt":"2024-04-19T13:25:22","guid":{"rendered":"https:\/\/webaruhaz.n1soft.hu\/?page_id=132"},"modified":"2024-04-19T15:25:22","modified_gmt":"2024-04-19T13:25:22","slug":"rolunk","status":"publish","type":"page","link":"https:\/\/webaruhaz.n1soft.hu\/index.php\/rolunk\/","title":{"rendered":"R\u00f3lunk"},"content":{"rendered":"\n<p>Az N1 Soft Bt. f\u0151 tev\u00e9kenys\u00e9gi ter\u00fcletei az al\u00e1bbiak:<\/p>\n\n\n\n<ul class=\"wp-block-list\">\n<li>bel\u00e9ptet\u0151 rendszerek<\/li>\n\n\n\n<li>riaszt\u00f3 rendszerek<\/li>\n\n\n\n<li>vide\u00f3 megfigyel\u0151 rendszerek<\/li>\n<\/ul>\n\n\n\n<p>forgalmaz\u00e1sa \u00e9s telep\u00edt\u00e9se, valamint ezekkel kapcsolatot szoftverek \u00e9s hardverek fejleszt\u00e9se.<\/p>\n\n\n\n<p>V\u00e1llaljuk egy\u00e9b, az \u00e1ruh\u00e1zban nem szerepl\u0151 vagyonv\u00e9delmi, bel\u00e9ptet\u0151, riaszt\u00f3, vide\u00f3 megfigyel\u0151 rendszerekhez kapcsol\u00f3d\u00f3 alkatr\u00e9szek beszerz\u00e9st, komplett rendszerek kivitelez\u00e9s\u00e9t, h\u00edvjon bizalommal.<\/p>\n\n\n\n<p>El\u00e9rhet\u0151s\u00e9g\u00fcnk:<\/p>\n\n\n\n<p>N1 Soft Bt.<\/p>\n\n\n\n<p>2120 Dunakeszi Mih\u00e1ly utca 17.<\/p>\n\n\n\n<p>www.n1soft.hu<\/p>\n\n\n\n<p>+36 30 9545 183<\/p>\n\n\n\n<p>kapcsolat@n1soft.hu<\/p>\n\n\n\n<p>webshop@n1soft.hu<\/p>\n","protected":false},"excerpt":{"rendered":"<p>Az N1 Soft Bt. f\u0151 tev\u00e9kenys\u00e9gi ter\u00fcletei az al\u00e1bbiak: forgalmaz\u00e1sa \u00e9s telep\u00edt\u00e9se, valamint ezekkel kapcsolatot szoftverek \u00e9s hardverek fejleszt\u00e9se. V\u00e1llaljuk egy\u00e9b, az \u00e1ruh\u00e1zban nem szerepl\u0151 vagyonv\u00e9delmi, bel\u00e9ptet\u0151, riaszt\u00f3, vide\u00f3 megfigyel\u0151 rendszerekhez kapcsol\u00f3d\u00f3 alkatr\u00e9szek beszerz\u00e9st, komplett rendszerek kivitelez\u00e9s\u00e9t, h\u00edvjon bizalommal. El\u00e9rhet\u0151s\u00e9g\u00fcnk: N1 Soft Bt. 2120 Dunakeszi Mih\u00e1ly utca 17. www.n1soft.hu +36 30 9545 183 kapcsolat@n1soft.hu webshop@n1soft.hu<\/p>\n","protected":false},"author":1,"featured_media":0,"parent":0,"menu_order":0,"comment_status":"closed","ping_status":"open","template":"","meta":{"footnotes":""},"class_list":["post-132","page","type-page","status-publish","hentry"],"_links":{"self":[{"href":"https:\/\/webaruhaz.n1soft.hu\/index.php\/wp-json\/wp\/v2\/pages\/132","targetHints":{"allow":["GET"]}}],"collection":[{"href":"https:\/\/webaruhaz.n1soft.hu\/index.php\/wp-json\/wp\/v2\/pages"}],"about":[{"href":"https:\/\/webaruhaz.n1soft.hu\/index.php\/wp-json\/wp\/v2\/types\/page"}],"author":[{"embeddable":true,"href":"https:\/\/webaruhaz.n1soft.hu\/index.php\/wp-json\/wp\/v2\/users\/1"}],"replies":[{"embeddable":true,"href":"https:\/\/webaruhaz.n1soft.hu\/index.php\/wp-json\/wp\/v2\/comments?post=132"}],"version-history":[{"count":1,"href":"https:\/\/webaruhaz.n1soft.hu\/index.php\/wp-json\/wp\/v2\/pages\/132\/revisions"}],"predecessor-version":[{"id":133,"href":"https:\/\/webaruhaz.n1soft.hu\/index.php\/wp-json\/wp\/v2\/pages\/132\/revisions\/133"}],"wp:attachment":[{"href":"https:\/\/webaruhaz.n1soft.hu\/index.php\/wp-json\/wp\/v2\/media?parent=132"}],"curies":[{"name":"wp","href":"https:\/\/api.w.org\/{rel}","templated":true}]}}