{"id":136,"date":"2024-04-19T15:34:17","date_gmt":"2024-04-19T13:34:17","guid":{"rendered":"https:\/\/webaruhaz.n1soft.hu\/?page_id=136"},"modified":"2024-04-19T15:34:17","modified_gmt":"2024-04-19T13:34:17","slug":"szallitasi-es-fizetesi-informaciok","status":"publish","type":"page","link":"https:\/\/webaruhaz.n1soft.hu\/index.php\/szallitasi-es-fizetesi-informaciok\/","title":{"rendered":"Sz\u00e1ll\u00edt\u00e1si \u00e9s fizet\u00e9si inform\u00e1ci\u00f3k"},"content":{"rendered":"\n<p>Az \u00e1ruh\u00e1zban megadott \u00e1rak nett\u00f3 \u00e9rtend\u0151k, nem tartalmazz\u00e1k a 27% \u00c1F\u00c1-t. A rendel\u00e9s minim\u00e1lis \u00f6sszege 5000Ft (5000Ft + \u00c1FA). Ez alatti \u00f6sszeg eset\u00e9n csak k\u00fcl\u00f6n meg\u00e1llapod\u00e1s keret\u00e9ben tudjuk a rendel\u00e9st teljes\u00edteni. Sz\u00e1ll\u00edt\u00e1si hat\u00e1rid\u0151 max. 4-5 munkanap.<\/p>\n\n\n\n<p>A term\u00e9keket 12 h\u00f3napos j\u00f3t\u00e1ll\u00e1ssal \u00e9rt\u00e9kes\u00edtj\u00fck.<\/p>\n\n\n\n<p>Fizet\u00e9s ut\u00e1nv\u00e9ttel vagy el\u0151reutal\u00e1ssal, illetve szem\u00e9lyes \u00e1tv\u00e9tel eset\u00e9n telephely\u00fcnk\u00f6n (2120 Dunakeszi Mih\u00e1ly u. 17.) k\u00e9szp\u00e9nzzel lehets\u00e9ges.<\/p>\n\n\n\n<p>\u00c1tv\u00e9tel telephely\u00fcnk\u00f6n (el\u0151zetes egyeztet\u00e9s ut\u00e1n): ingyenes.<br>Csomagk\u00fcld\u00e9s: Magyarorsz\u00e1g ter\u00fclet\u00e9re 2kg s\u00falyig 1800Ft + \u00c1FA. Ut\u00e1nv\u00e9tel eset\u00e9n az ut\u00e1nv\u00e9tel d\u00edja tov\u00e1bbi 1.2%, amely ut\u00f3lag kalkul\u00e1lt. Nagyobb s\u00faly eset\u00e9n egyedileg meg\u00e1llap\u00edtott. K\u00fcl\u00f6n megegyez\u00e9s eset\u00e9n a sz\u00e1ll\u00edt\u00e1s FoxPost csomagpontra is t\u00f6rt\u00e9nhet.<\/p>\n","protected":false},"excerpt":{"rendered":"<p>Az \u00e1ruh\u00e1zban megadott \u00e1rak nett\u00f3 \u00e9rtend\u0151k, nem tartalmazz\u00e1k a 27% \u00c1F\u00c1-t. A rendel\u00e9s minim\u00e1lis \u00f6sszege 5000Ft (5000Ft + \u00c1FA). Ez alatti \u00f6sszeg eset\u00e9n csak k\u00fcl\u00f6n meg\u00e1llapod\u00e1s keret\u00e9ben tudjuk a rendel\u00e9st teljes\u00edteni. Sz\u00e1ll\u00edt\u00e1si hat\u00e1rid\u0151 max. 4-5 munkanap. A term\u00e9keket 12 h\u00f3napos j\u00f3t\u00e1ll\u00e1ssal \u00e9rt\u00e9kes\u00edtj\u00fck. Fizet\u00e9s ut\u00e1nv\u00e9ttel vagy el\u0151reutal\u00e1ssal, illetve szem\u00e9lyes \u00e1tv\u00e9tel eset\u00e9n telephely\u00fcnk\u00f6n (2120 Dunakeszi Mih\u00e1ly u. [&hellip;]<\/p>\n","protected":false},"author":1,"featured_media":0,"parent":0,"menu_order":0,"comment_status":"closed","ping_status":"open","template":"","meta":{"footnotes":""},"class_list":["post-136","page","type-page","status-publish","hentry"],"_links":{"self":[{"href":"https:\/\/webaruhaz.n1soft.hu\/index.php\/wp-json\/wp\/v2\/pages\/136","targetHints":{"allow":["GET"]}}],"collection":[{"href":"https:\/\/webaruhaz.n1soft.hu\/index.php\/wp-json\/wp\/v2\/pages"}],"about":[{"href":"https:\/\/webaruhaz.n1soft.hu\/index.php\/wp-json\/wp\/v2\/types\/page"}],"author":[{"embeddable":true,"href":"https:\/\/webaruhaz.n1soft.hu\/index.php\/wp-json\/wp\/v2\/users\/1"}],"replies":[{"embeddable":true,"href":"https:\/\/webaruhaz.n1soft.hu\/index.php\/wp-json\/wp\/v2\/comments?post=136"}],"version-history":[{"count":1,"href":"https:\/\/webaruhaz.n1soft.hu\/index.php\/wp-json\/wp\/v2\/pages\/136\/revisions"}],"predecessor-version":[{"id":137,"href":"https:\/\/webaruhaz.n1soft.hu\/index.php\/wp-json\/wp\/v2\/pages\/136\/revisions\/137"}],"wp:attachment":[{"href":"https:\/\/webaruhaz.n1soft.hu\/index.php\/wp-json\/wp\/v2\/media?parent=136"}],"curies":[{"name":"wp","href":"https:\/\/api.w.org\/{rel}","templated":true}]}}