{"id":171,"date":"2024-04-20T07:04:42","date_gmt":"2024-04-20T05:04:42","guid":{"rendered":"https:\/\/webaruhaz.n1soft.hu\/?post_type=product&#038;p=171"},"modified":"2025-02-03T07:44:14","modified_gmt":"2025-02-03T06:44:14","slug":"x8ip-belepteto-vezerlo-dobozban-plugin-trafo","status":"publish","type":"product","link":"https:\/\/webaruhaz.n1soft.hu\/index.php\/termek\/x8ip-belepteto-vezerlo-dobozban-plugin-trafo\/","title":{"rendered":"X8Ip bel\u00e9ptet\u0151 vez\u00e9rl\u0151 dobozban + plugin traf\u00f3"},"content":{"rendered":"<ul>\n<li>X8IPbel\u00e9ptet\u0151 vez\u00e9rl\u0151 dobozba szerelve (210x260x68mm).\u00a0Ethernet IP alap\u00fa k\u00e9tolvas\u00f3s bel\u00e9ptet\u0151 vez\u00e9rl\u0151. K\u00e1rtyaolvas\u00f3 csatlakoz\u00e1s: 2db Wiegand (BE \u00e9s Ki ir\u00e1nyok). K\u00f3dsz\u00e1m vagy speci\u00e1lis esem\u00e9ny bevitel: bel\u00e9p\u00e9s k\u00e1rty\u00e1val, bel\u00e9p\u00e9s PIN k\u00f3ddal, vagy k\u00e1rtya \u00e9s PIN k\u00f3d egy\u00fctt. wBoxOpen Android alkalmaz\u00e1ssal is vez\u00e9relhet\u0151. 2000 k\u00e1rtya, 6000 esem\u00e9ny t\u00e1rol\u00e1sa. 4 programozhat\u00f3 be- \u00e9s kimenet pl.: k\u00e9zi nyit\u00e1s, szabot\u00e1zs, speci\u00e1lis vez\u00e9rl\u00e9si feladatok. Egy nagy\u00e1ram\u00fa rel\u00e9 a panelon (m\u00e1gnesz\u00e1r vez\u00e9rl\u00e9s). Be\u00e9p\u00edtett nem felejt\u0151 val\u00f3s idej\u0171 \u00f3ra, id\u0151tartom\u00e1nyokhoz k\u00f6t\u00f6tt jogosults\u00e1g rendszer.<\/li>\n<li>DC 12V 1A plugin traf\u00f3<\/li>\n<li>DC csatlakoz\u00f3<\/li>\n<\/ul>\n","protected":false},"excerpt":{"rendered":"<p>X8Ip bel\u00e9ptet\u0151 vez\u00e9rl\u0151 dobozban + plugin traf\u00f3<\/p>\n","protected":false},"featured_media":172,"template":"","meta":[],"product_cat":[16],"product_tag":[],"class_list":{"0":"post-171","1":"product","2":"type-product","3":"status-publish","4":"has-post-thumbnail","6":"product_cat-vezerlok-szettek","8":"first","9":"instock","10":"taxable","11":"shipping-taxable","12":"purchasable","13":"product-type-simple"},"_links":{"self":[{"href":"https:\/\/webaruhaz.n1soft.hu\/index.php\/wp-json\/wp\/v2\/product\/171","targetHints":{"allow":["GET"]}}],"collection":[{"href":"https:\/\/webaruhaz.n1soft.hu\/index.php\/wp-json\/wp\/v2\/product"}],"about":[{"href":"https:\/\/webaruhaz.n1soft.hu\/index.php\/wp-json\/wp\/v2\/types\/product"}],"wp:featuredmedia":[{"embeddable":true,"href":"https:\/\/webaruhaz.n1soft.hu\/index.php\/wp-json\/wp\/v2\/media\/172"}],"wp:attachment":[{"href":"https:\/\/webaruhaz.n1soft.hu\/index.php\/wp-json\/wp\/v2\/media?parent=171"}],"wp:term":[{"taxonomy":"product_cat","embeddable":true,"href":"https:\/\/webaruhaz.n1soft.hu\/index.php\/wp-json\/wp\/v2\/product_cat?post=171"},{"taxonomy":"product_tag","embeddable":true,"href":"https:\/\/webaruhaz.n1soft.hu\/index.php\/wp-json\/wp\/v2\/product_tag?post=171"}],"curies":[{"name":"wp","href":"https:\/\/api.w.org\/{rel}","templated":true}]}}