{"id":175,"date":"2024-04-20T07:09:35","date_gmt":"2024-04-20T05:09:35","guid":{"rendered":"https:\/\/webaruhaz.n1soft.hu\/?post_type=product&#038;p=175"},"modified":"2026-04-28T16:04:38","modified_gmt":"2026-04-28T14:04:38","slug":"netcheck-halozat-ellenorzo-aramkor","status":"publish","type":"product","link":"https:\/\/webaruhaz.n1soft.hu\/index.php\/termek\/netcheck-halozat-ellenorzo-aramkor\/","title":{"rendered":"NetCheck h\u00e1l\u00f3zat ellen\u0151rz\u0151 \u00e1ramk\u00f6r"},"content":{"rendered":"<p>NetCheck \u00e1ramk\u00f6rrel folyamatosan ellen\u0151rizhet\u0151 az internet megl\u00e9te, vagy ellen\u0151rizhet\u0151 egy szerver szolg\u00e1ltat\u00e1s el\u00e9rhet\u0151s\u00e9ge. Hiba eset\u00e9n egy aktiviz\u00e1l\u00f3d\u00f3 kimenet seg\u00edt\u00e9s\u00e9g\u00e9vel \u00fajra ind\u00edthat\u00f3k a hib\u00e1t okoz\u00f3 h\u00e1l\u00f3zati eszk\u00f6z\u00f6k, leggyakoribb esetben a router vagy modem. Nagy megb\u00edzhat\u00f3s\u00e1g\u00fa rendszerekben elengedhetetlen (pl. vide\u00f3 megfigyel\u0151 vagy riaszt\u00f3 rendszer mobil internet el\u00e9r\u00e9s\u00e9t ellen\u0151rizheti, sz\u00fcks\u00e9g eset\u00e9n \u00fajraind\u00edtja routert).<\/p>\n<p>A m\u0171k\u00f6d\u00e9si m\u00f3d saj\u00e1t web fel\u00fclet\u00e9n sz\u00e9les k\u00f6r\u0171en be\u00e1ll\u00edthat\u00f3. Meghat\u00e1rozott id\u0151nk\u00e9nt a be\u00e1ll\u00edtott szerverszolg\u00e1ltat\u00e1shoz megpr\u00f3b\u00e1l csatlakozni (alapesetben egy nagy megb\u00edzhat\u00f3s\u00e1g\u00fa szerver: google.com). Hiba eset\u00e9n be\u00e1ll\u00edthat\u00f3 a pr\u00f3b\u00e1lkoz\u00e1sok sz\u00e1ma, a hiba fenn\u00e1ll\u00e1s\u00e1nak max ideje, ami ut\u00e1n aktiviz\u00e1lni kell a kimenetet (k\u00e9sleltet\u00e9s), a kimenet id\u0151z\u00edt\u00e9se. Be\u00e1ll\u00edthat\u00f3 k\u00e9t \u00fajraind\u00edt\u00e1s k\u00f6z\u00f6tti minim\u00e1lis id\u0151 (holt id\u0151), illetve az ind\u00edt\u00e1sok maxim\u00e1lis sz\u00e1ma. Ezzel tesztelni lehet az internet szolg\u00e1ltat\u00e1s megl\u00e9t\u00e9t vagy egy saj\u00e1t szerverszolg\u00e1ltat\u00e1s (pl. webszerver) m\u0171k\u00f6d\u00e9s\u00e9t. Emellett a k\u00e9t kimenet t\u00e1vvez\u00e9relhet\u0151 is, id\u0151z\u00edtve rendszeresen \u00fajraind\u00edthat\u00f3k a megadott id\u0151pontban. Az \u00fczemm\u00f3dok k\u00e9t LED seg\u00edts\u00e9g\u00e9vel szemmel is l\u00e1that\u00f3ak.<\/p>\n<p>\u00c1ll\u00edthat\u00f3 param\u00e9terek, \u00e9s tulajdons\u00e1gok:<\/p>\n<p><a href=\"http:\/\/webshop.n1soft.hu\/letoltheto\/NetCheck kezeles.pdf\" target=\"_blank\" rel=\"noopener\">NetCheck kezel\u00e9s.pdf<\/a><\/p>\n<p>\u2022\u00a0\u00a0\u00a0 Szerver szolg\u00e1ltat\u00e1s IP c\u00edme vagy domain neve, \u00e9s portja.<br \/>\n\u2022\u00a0\u00a0\u00a0 Csatlakoz\u00e1s m\u00f3dja: ping, socket megnyit\u00e1s, vagy HTTP \u00fczemm\u00f3dok.<br \/>\n\u2022\u00a0\u00a0\u00a0 Csatlakoz\u00e1s id\u0151szerverhez (SNTP).<br \/>\n\u2022\u00a0\u00a0\u00a0 Teszt gyakoris\u00e1ga norm\u00e1l \u00e9s hiba \u00e1llapotban<br \/>\n\u2022\u00a0\u00a0\u00a0 Ind\u00edt\u00e1s ut\u00e1n t\u00fcrelmi id\u0151 az els\u0151 tesztig, am\u00edg fel\u00e1ll a h\u00e1l\u00f3zat.<br \/>\n\u2022\u00a0\u00a0\u00a0 Hib\u00e1s el\u00e9r\u00e9sek max sz\u00e1ma, ami m\u00e1r hib\u00e1nak min\u0151s\u00fcl.<br \/>\n\u2022\u00a0\u00a0\u00a0 A hiba fenn\u00e1ll\u00e1s\u00e1nak ideje, ami ut\u00e1n a kimenet ind\u00edthat\u00f3.<br \/>\n\u2022\u00a0\u00a0\u00a0 K\u00e9t kimenet aktiviz\u00e1l\u00e1si id\u0151 k\u00f6z\u00f6tt\u00a0 a minim\u00e1lis id\u0151.<br \/>\n\u2022\u00a0\u00a0\u00a0 Kimenetek aktiviz\u00e1l\u00e1s\u00e1nak maxim\u00e1lis sz\u00e1ma.<br \/>\n\u2022\u00a0\u00a0\u00a0 Kimenet id\u0151z\u00edt\u00e9se (0-999mp)<br \/>\n\u2022\u00a0\u00a0\u00a0 Ethernet csatlakoz\u00e1s megl\u00e9t\u00e9nek ellen\u0151rz\u00e9se.<br \/>\n\u2022\u00a0\u00a0\u00a0 Id\u0151z\u00edt\u00e9s funkci\u00f3, be\u00e1ll\u00edtott naponk\u00e9nt megadott id\u0151pontban ind\u00edt\u00e1s.<br \/>\n\u2022\u00a0\u00a0\u00a0 K\u00e9t nyitott kollektoros kimenet, amelyek a web fel\u00fcletr\u0151l is ind\u00edthat\u00f3k.<br \/>\n\u2022\u00a0\u00a0\u00a0 Jelsz\u00f3val v\u00e9dett webel\u00e9r\u00e9s.<br \/>\n\u2022\u00a0\u00a0\u00a0 LED visszajelz\u00e9s az \u00fczem\u00e1llapotokr\u00f3l, amelyek a webr\u0151l is k\u00f6vethet\u0151ek.<\/p>\n","protected":false},"excerpt":{"rendered":"<p>NetCheck h\u00e1l\u00f3zat ellen\u0151rz\u0151 \u00e1ramk\u00f6r, network watchdog.<\/p>\n","protected":false},"featured_media":176,"template":"","meta":[],"product_cat":[16],"product_tag":[],"class_list":{"0":"post-175","1":"product","2":"type-product","3":"status-publish","4":"has-post-thumbnail","6":"product_cat-vezerlok-szettek","8":"first","9":"instock","10":"taxable","11":"shipping-taxable","12":"purchasable","13":"product-type-simple"},"_links":{"self":[{"href":"https:\/\/webaruhaz.n1soft.hu\/index.php\/wp-json\/wp\/v2\/product\/175","targetHints":{"allow":["GET"]}}],"collection":[{"href":"https:\/\/webaruhaz.n1soft.hu\/index.php\/wp-json\/wp\/v2\/product"}],"about":[{"href":"https:\/\/webaruhaz.n1soft.hu\/index.php\/wp-json\/wp\/v2\/types\/product"}],"wp:featuredmedia":[{"embeddable":true,"href":"https:\/\/webaruhaz.n1soft.hu\/index.php\/wp-json\/wp\/v2\/media\/176"}],"wp:attachment":[{"href":"https:\/\/webaruhaz.n1soft.hu\/index.php\/wp-json\/wp\/v2\/media?parent=175"}],"wp:term":[{"taxonomy":"product_cat","embeddable":true,"href":"https:\/\/webaruhaz.n1soft.hu\/index.php\/wp-json\/wp\/v2\/product_cat?post=175"},{"taxonomy":"product_tag","embeddable":true,"href":"https:\/\/webaruhaz.n1soft.hu\/index.php\/wp-json\/wp\/v2\/product_tag?post=175"}],"curies":[{"name":"wp","href":"https:\/\/api.w.org\/{rel}","templated":true}]}}