{"id":183,"date":"2024-04-20T07:25:06","date_gmt":"2024-04-20T05:25:06","guid":{"rendered":"https:\/\/webaruhaz.n1soft.hu\/?post_type=product&#038;p=183"},"modified":"2026-01-06T09:11:40","modified_gmt":"2026-01-06T08:11:40","slug":"wbox2000-munkaido-nyilvantarto-modul","status":"publish","type":"product","link":"https:\/\/webaruhaz.n1soft.hu\/index.php\/termek\/wbox2000-munkaido-nyilvantarto-modul\/","title":{"rendered":"wBox2000 munkaid\u0151 nyilv\u00e1ntart\u00f3 modul"},"content":{"rendered":"<p>A wBox2000 munkaid\u0151 nyilv\u00e1ntart\u00f3 rendszert kis \u00e9s k\u00f6zepes v\u00e1llalatok, gazd\u00e1lkod\u00f3 szervezetek munkaid\u0151 nyilv\u00e1ntart\u00e1si \u00e9s bel\u00e9ptet\u00e9si feladatainak megold\u00e1s\u00e1ra fejlesztett\u00fck ki. K\u00fcl\u00f6nb\u00f6z\u0151 b\u00e9rl\u0151 rendszerek is sikerrel alkalmazhatj\u00e1k (pl. teremb\u00e9rlet az ott t\u00f6lt\u00f6tt id\u0151vel ar\u00e1nyos fizet\u00e9ssel). Hib\u00e1s kezel\u00e9s, k\u00e1rtya haszn\u00e1lat eset\u00e9n az esem\u00e9nyek ut\u00f3lag korrig\u00e1lhat\u00f3ak. Korszer\u0171 SQL adatb\u00e1zis kezel\u0151 haszn\u00e1lat\u00e1val a megjelen\u00edt\u00e9s web alap\u00fa, \u00edgy online el\u00e9rhet\u0151 t\u00f6bb telephelyr\u0151l, tetsz\u0151leges eszk\u00f6zr\u0151l \u00e9s platformr\u00f3l, bele\u00e9rtve az okos telefonokat is.<\/p>\n<p>A rendszer egy\u00fctt m\u0171k\u00f6dhet a wBoxOpen Androidos alkalmaz\u00e1ssal, a dolgoz\u00f3 k\u00fcldhet esem\u00e9nyeket a munkaid\u0151 nyilv\u00e1ntart\u00f3 rendszernek \u00e9rkez\u00e9s\u00e9r\u0151l, t\u00e1voz\u00e1s\u00e1r\u00f3l.<br \/>\nAz alkalmaz\u00e1s e mellet ig\u00e9ny szerint GPS adatok tov\u00e1bb\u00edt\u00e1sra is szolg\u00e1lhat, adott pontb\u00f3l helyadatok k\u00fcldhet\u0151k az \u00e9rkez\u00e9s igazol\u00e1s\u00e1ul, illetve k\u00f6vethet\u0151 a bej\u00e1rt \u00fatvonal (GPS nyomk\u00f6vet\u00e9s)<\/p>\n<p>Munkaid\u0151 nyilv\u00e1ntart\u00e1s, munkaid\u0151 list\u00e1k: norm\u00e1l munkaid\u0151 havi bont\u00e1sban, t\u00fal\u00f3ra, pihen\u0151 id\u0151, k\u00e9s\u00e9sek. Felh\u0151 alap\u00fa szolg\u00e1ltat\u00e1sk\u00e9nt is m\u0171k\u00f6dhet, nem sz\u00fcks\u00e9ges semmilyen k\u00fcls\u0151 hardver vagy szoftver.<\/p>\n<ul>\n<li>3 m\u0171szakos fix, rugalmas vagy automatikus munkarendek kezel\u00e9se.<\/li>\n<li>Jogc\u00edm kezel\u00e9s: eb\u00e9did\u0151, k\u00fcls\u0151 munka, cigaretta sz\u00fcnet, mag\u00e1n elt\u00e1voz\u00e1s, szabads\u00e1g<\/li>\n<li>B\u00f6ng\u00e9sz\u0151b\u0151l el\u00e9rhet\u0151, webr\u0151l menedzselhet\u0151.<\/li>\n<li>GSP modullal b\u0151v\u00edthet\u0151 a dolgoz\u00f3k tart\u00f3zkod\u00e1si hely\u00e9nek ellen\u0151rz\u00e9s\u00e9re egy adott id\u0151szakban. K\u00fcl\u00f6n rendelhet\u0151.<\/li>\n<li>Ingyenes t\u00e1voli seg\u00edts\u00e9gny\u00fajt\u00e1s a be\u00e1ll\u00edt\u00e1shoz.<br \/>\n<strong><br \/>\n<\/strong>Az alap\u00e1r max 50 f\u0151re vonatkozik.<\/li>\n<\/ul>\n","protected":false},"excerpt":{"rendered":"<p>Adatgy\u0171jt\u0151 program \u00e9s webszerver bel\u00e9ptet\u0151 rendszerhez . 32 vagy 64 bites Windows7-t\u0151l Windows szerverig tetsz\u0151leges Windows op. rendszeren m\u0171k\u00f6dik. Virtu\u00e1lis g\u00e9pen is futhat, felh\u0151alap\u00fa verzi\u00f3 is rendelkez\u00e9sre \u00e1ll.<\/p>\n","protected":false},"featured_media":54,"template":"","meta":[],"product_cat":[17],"product_tag":[],"class_list":{"0":"post-183","1":"product","2":"type-product","3":"status-publish","4":"has-post-thumbnail","6":"product_cat-belepteto-szoftverek","8":"first","9":"instock","10":"taxable","11":"shipping-taxable","12":"purchasable","13":"product-type-simple"},"_links":{"self":[{"href":"https:\/\/webaruhaz.n1soft.hu\/index.php\/wp-json\/wp\/v2\/product\/183","targetHints":{"allow":["GET"]}}],"collection":[{"href":"https:\/\/webaruhaz.n1soft.hu\/index.php\/wp-json\/wp\/v2\/product"}],"about":[{"href":"https:\/\/webaruhaz.n1soft.hu\/index.php\/wp-json\/wp\/v2\/types\/product"}],"wp:featuredmedia":[{"embeddable":true,"href":"https:\/\/webaruhaz.n1soft.hu\/index.php\/wp-json\/wp\/v2\/media\/54"}],"wp:attachment":[{"href":"https:\/\/webaruhaz.n1soft.hu\/index.php\/wp-json\/wp\/v2\/media?parent=183"}],"wp:term":[{"taxonomy":"product_cat","embeddable":true,"href":"https:\/\/webaruhaz.n1soft.hu\/index.php\/wp-json\/wp\/v2\/product_cat?post=183"},{"taxonomy":"product_tag","embeddable":true,"href":"https:\/\/webaruhaz.n1soft.hu\/index.php\/wp-json\/wp\/v2\/product_tag?post=183"}],"curies":[{"name":"wp","href":"https:\/\/api.w.org\/{rel}","templated":true}]}}