{"id":184,"date":"2024-04-20T07:27:52","date_gmt":"2024-04-20T05:27:52","guid":{"rendered":"https:\/\/webaruhaz.n1soft.hu\/?post_type=product&#038;p=184"},"modified":"2026-01-06T09:10:03","modified_gmt":"2026-01-06T08:10:03","slug":"wboxpatrol-orjarat-ellenorzo-modul","status":"publish","type":"product","link":"https:\/\/webaruhaz.n1soft.hu\/index.php\/termek\/wboxpatrol-orjarat-ellenorzo-modul\/","title":{"rendered":"wBoxPatrol \u0150rj\u00e1rat ellen\u0151rz\u0151 modul"},"content":{"rendered":"<p>Mobil telefonnal \u00e9s NFC ellen\u0151rz\u0151 pontokkal \u00e9s\/vagy bel\u00e9ptet\u0151 olvas\u00f3kkal m\u0171k\u00f6d\u0151 \u0151rj\u00e1rat ellen\u0151rz\u0151 rendszer. Ak\u00e1r val\u00f3s id\u0151ben is k\u00f6vetheti az j\u00e1r\u0151r tev\u00e9kenys\u00e9g\u00e9t, web fel\u00fcleten l\u00e1that\u00f3v\u00e1 tehet\u0151k a legfrissebb percekkel ezel\u0151tti esem\u00e9nyek.<\/p>\n<p>Gyakori feladat, hogy \u0151rz\u00e9s vagy ellen\u0151rz\u0151s c\u00e9lj\u00e1b\u00f3l egy nagyobb telephely, \u00e9p\u00fclet megadott pontjain megadott id\u0151pontokban a j\u00e1r\u0151rnek vagy az ellen\u0151rz\u00e9st v\u00e9gz\u0151 szem\u00e9lynek meg kell jelennie. Haszn\u00e1lhat\u00f3 egy\u00e9b helyeken is a megjelen\u00e9s igazol\u00e1s\u00e1ul is (pl. \u00e9p\u00edtkez\u00e9s, vagy m\u00e1s egy\u00e9b munkav\u00e9gz\u00e9s terepen), mivel nem sz\u00fcks\u00e9ges hardvert telep\u00edteni, csak az ellen\u0151rz\u0151 pontnak kell a helysz\u00ednen lennie egy megb\u00edzhat\u00f3 szem\u00e9lyn\u00e9l.<\/p>\n<p>Az NFC ellen\u0151rz\u0151 pontok kis id\u0151j\u00e1r\u00e1s\u00e1ll\u00f3 m\u0171anyag korongok, amelyek csavarral r\u00f6gz\u00edthet\u0151k a sz\u00fcks\u00e9ges helyeken, semmilyen k\u00e1belez\u00e9st nem ig\u00e9nyelnek, \u00e1ramforr\u00e1st sem tartalmaznak, \u00e9lettartamuk szinte korl\u00e1tlan. A legt\u00f6bb mobil telefon m\u00e1r tartalmaz NFC olvas\u00f3t, haszn\u00e1lat\u00e1val nem sz\u00fcks\u00e9ges k\u00fcl\u00f6n eszk\u00f6zt beszerezni. A Google Play \u00e1ruh\u00e1zb\u00f3l let\u00f6lthet\u0151 mobil applik\u00e1ci\u00f3val a dolgoz\u00f3 a koronghoz \u00e9rintve telefonj\u00e1t beolvassa annak k\u00f3dj\u00e1t, amelyet id\u0151ponttal ell\u00e1tva t\u00e1rol a wBoxPatrol alkalmaz\u00e1s. Amint van internet vagy WiFi csatlakoz\u00e1s, az adatokat tov\u00e1bb\u00edtja az adatgy\u0171jt\u0151nek. Az alkalmaz\u00e1s tetsz\u0151leges sz\u00e1m\u00fa mobilra telep\u00edthet\u0151 ingyenesen.<\/p>\n<p>A wBox2000 bel\u00e9ptet\u0151 rendszer r\u00e9sze &#8211; vagy \u00f6n\u00e1ll\u00f3an csak ezt tartalmazza &#8211; az \u0151rj\u00e1rat ellen\u0151rz\u0151 modul. A mobilt\u00f3l be\u00e9rkezett adatokat az elv\u00e1r\u00e1sok figyelembe v\u00e9tel\u00e9vel feldolgozza, \u00e9s megjelen\u00edti j\u00f3l \u00e1ttekinthet\u0151 t\u00e1bl\u00e1zatos form\u00e1ban, amely b\u00f6ng\u00e9sz\u0151vel b\u00e1rhonnan el\u00e9rhet\u0151. Vagy csak egyszer\u0171en az olvas\u00e1s t\u00e9nye detekt\u00e1lhat\u00f3 id\u0151ponttal ell\u00e1tva, vagy meghat\u00e1rozhat\u00f3k \u00fatvonalak is, amelyeket be kell j\u00e1rni, megadhat\u00f3k az egyes ellen\u0151rz\u0151 pontok k\u00f6z\u00f6tti id\u0151k, valamint az id\u0151pontok, amikor az \u00fatvonalakat teljes\u00edteni kell. Felh\u0151 alap\u00fa szolg\u00e1ltat\u00e1sk\u00e9nt is m\u0171k\u00f6dhet, nem sz\u00fcks\u00e9ges semmilyen k\u00fcls\u0151 hardver vagy szoftver.<\/p>\n<p>A csomag r\u00e9sze:<\/p>\n<p>&#8211; wBoxPatrol \u0151rj\u00e1rat ellen\u0151rz\u0151 modul.<\/p>\n<p>&#8211; 3db NFC ellen\u0151rz\u0151 pont.<\/p>\n<p>Az alap\u00e1r max 8db ellen\u0151rz\u0151 pontra vonatkozik, korl\u00e1tlanul b\u0151v\u00edthet\u0151. Nagyobb rendszerhez, k\u00e9rj\u00fck, h\u00edvjon minket.<\/p>\n","protected":false},"excerpt":{"rendered":"<p>Mobil telefonnal valamint NFC ellen\u0151rz\u0151 pontokkal \u00e9s\/vagy bel\u00e9ptet\u0151 olvas\u00f3kkal m\u0171k\u00f6d\u0151 \u0151rj\u00e1rat ellen\u0151rz\u0151 rendszer.<\/p>\n","protected":false},"featured_media":185,"template":"","meta":[],"product_cat":[17],"product_tag":[],"class_list":{"0":"post-184","1":"product","2":"type-product","3":"status-publish","4":"has-post-thumbnail","6":"product_cat-belepteto-szoftverek","8":"first","9":"instock","10":"taxable","11":"shipping-taxable","12":"purchasable","13":"product-type-simple"},"_links":{"self":[{"href":"https:\/\/webaruhaz.n1soft.hu\/index.php\/wp-json\/wp\/v2\/product\/184","targetHints":{"allow":["GET"]}}],"collection":[{"href":"https:\/\/webaruhaz.n1soft.hu\/index.php\/wp-json\/wp\/v2\/product"}],"about":[{"href":"https:\/\/webaruhaz.n1soft.hu\/index.php\/wp-json\/wp\/v2\/types\/product"}],"wp:featuredmedia":[{"embeddable":true,"href":"https:\/\/webaruhaz.n1soft.hu\/index.php\/wp-json\/wp\/v2\/media\/185"}],"wp:attachment":[{"href":"https:\/\/webaruhaz.n1soft.hu\/index.php\/wp-json\/wp\/v2\/media?parent=184"}],"wp:term":[{"taxonomy":"product_cat","embeddable":true,"href":"https:\/\/webaruhaz.n1soft.hu\/index.php\/wp-json\/wp\/v2\/product_cat?post=184"},{"taxonomy":"product_tag","embeddable":true,"href":"https:\/\/webaruhaz.n1soft.hu\/index.php\/wp-json\/wp\/v2\/product_tag?post=184"}],"curies":[{"name":"wp","href":"https:\/\/api.w.org\/{rel}","templated":true}]}}