{"id":186,"date":"2024-04-20T07:32:09","date_gmt":"2024-04-20T05:32:09","guid":{"rendered":"https:\/\/webaruhaz.n1soft.hu\/?post_type=product&#038;p=186"},"modified":"2026-01-06T09:09:42","modified_gmt":"2026-01-06T08:09:42","slug":"wbox2000-io-modul-riaszto-rendszer-homerseklet-adatgyujtes-figyelmezteto-email-io-vezerles","status":"publish","type":"product","link":"https:\/\/webaruhaz.n1soft.hu\/index.php\/termek\/wbox2000-io-modul-riaszto-rendszer-homerseklet-adatgyujtes-figyelmezteto-email-io-vezerles\/","title":{"rendered":"wBox2000 IO modul (T\u00e1vvez\u00e9rl\u00e9s, mini helyi riaszt\u00f3 rendszer, h\u0151m\u00e9rs\u00e9klet adatgy\u0171jt\u00e9s, figyelmeztet\u0151 email, IO vez\u00e9rl\u00e9s)"},"content":{"rendered":"<p>Lehet\u0151v\u00e9 teszi vez\u00e9rl\u00e9si, jelz\u00e9si \u00e9s riaszt\u00f3 rendszer funkci\u00f3k haszn\u00e1lat\u00e1t. A rendszerbe az X8IO modulok is bek\u00f6thet\u0151k, illetve az X8IP modulok riaszt\u00f3 rendszer funkci\u00f3ja haszn\u00e1lhat\u00f3: k\u00e1rty\u00e1s vagy k\u00f3dos \u00e9les\u00edt\u00e9s, szir\u00e9na vez\u00e9rl\u00e9s, visszajelz\u0151 LED, riaszt\u00e1s \u00e9s szabot\u00e1zs bemenetek. K\u00fcl\u00f6nb\u00f6z\u0151 esem\u00e9nyekhez, \u00e1llapotv\u00e1ltoz\u00e1sokhoz kapcsolhat\u00f3 figyelmeztet\u0151 email k\u00fcld\u00e9si lehet\u0151s\u00e9g. Az alap\u00e1r max 5 vez\u00e9rl\u0151 \u00e9s modul kezel\u00e9s\u00e9re vonatkozik.<\/p>\n<p>wBoxOpen mobil alkalmaz\u00e1ssal t\u00e1vvez\u00e9rl\u0151 gombok haszn\u00e1lata, a vez\u00e9rl\u0151k kimenetei egyedileg ki-bekapcsolhat\u00f3k, max 12db kimenet.<\/p>\n<p>Az X8IO modulok 8 bemenet \u00e9s egy h\u0151m\u00e9rs\u00e9klet \u00e9rz\u00e9kel\u0151 adatait k\u00fcldhetik. A h\u0151m\u00e9rs\u00e9klet adatok grafikon form\u00e1j\u00e1ban tetsz\u0151leges id\u0151tartom\u00e1nyban megjelen\u00edthet\u0151k. Als\u00f3 \u00e9s fels\u0151 hat\u00e1r be\u00e1ll\u00edthat\u00f3, t\u00fall\u00e9p\u00e9skor figyelmeztet\u0151 emailt k\u00fcldhet.<\/p>\n<p>Javasolt alkalmaz\u00e1si ter\u00fcletek: szerverszob\u00e1k, szekr\u00e9nyek h\u0151m\u00e9rs\u00e9klet ellen\u0151rz\u00e9se, h\u0171t\u0151rendszerekhez riaszt\u00f3 jelz\u00e9se, \u00e1ramell\u00e1t\u00f3 rendszerek (egy- vagy h\u00e1romf\u00e1zis\u00fa) figyel\u00e9se, kimarad\u00e1sok r\u00f6gz\u00edt\u00e9se, jelz\u00e9se stb.<\/p>\n<p>Tov\u00e1bbi funkci\u00f3k:<\/p>\n<p>\u2022 wBoxOpen mobil alkalmaz\u00e1ssal t\u00e1vvez\u00e9rl\u0151 gombok haszn\u00e1lata, a vez\u00e9rl\u0151k kimenetei egyedileg ki-bekapcsolhat\u00f3k.<br \/>\n\u2022 X8IP \u00e9s X8WiFi panelek riaszt\u00f3 rendszer funkci\u00f3j\u00e1nak haszn\u00e1lata (k\u00e1rty\u00e1s vagy k\u00f3dos \u00e9les\u00edt\u00e9s, ajt\u00f3nyit\u00e1s figyel\u00e9s, szir\u00e9na vez\u00e9rl\u00e9s \u00e9s \u00e1llapot LED visszajelz\u00e9s. Email k\u00fcld\u00e9s k\u00fcl\u00f6nb\u00f6z\u0151 esem\u00e9nyn\u00e9l (nyit\u00e1s-z\u00e1r\u00e1s, riaszt\u00e1s).<br \/>\n\u2022 X8IP modul kezel\u00e9se: 4 kimenet, 8 bemenet, DS18B20 h\u0151m\u00e9rs\u00e9klet szenzor fogad\u00e1sa (2 vezet\u00e9k, max 10m\u00e9ter). H\u0151m\u00e9rs\u00e9klet grafikon, email k\u00fcld\u00e9si lehet\u0151s\u00e9g \u00e1llapot v\u00e1ltoz\u00e1skor<br \/>\n\u2022 Web fel\u00fcletr\u0151l kimenetek vez\u00e9rl\u00e9se.<\/p>\n","protected":false},"excerpt":{"rendered":"<p>Lehet\u0151v\u00e9 teszi vez\u00e9rl\u00e9si, jelz\u00e9si \u00e9s riaszt\u00f3 rendszer funkci\u00f3k haszn\u00e1lat\u00e1t. A rendszerbe az X8IO modulok is bek\u00f6thet\u0151k, illetve az X8IP modulok riaszt\u00f3 rendszer funkci\u00f3ja haszn\u00e1lhat\u00f3: k\u00e1rty\u00e1s vagy k\u00f3dos \u00e9les\u00edt\u00e9s, szir\u00e9na vez\u00e9rl\u00e9s, visszajelz\u0151 LED, riaszt\u00e1s \u00e9s szabot\u00e1zs bemenetek. K\u00fcl\u00f6nb\u00f6z\u0151 esem\u00e9nyekhez, \u00e1llapotv\u00e1ltoz\u00e1sokhoz kapcsolhat\u00f3 figyelmeztet\u0151 email k\u00fcld\u00e9si lehet\u0151s\u00e9g. Az alap\u00e1r max 5 vez\u00e9rl\u0151 \u00e9s modul kezel\u00e9s\u00e9re vonatkozik.<\/p>\n<p>wBoxOpen mobil alkalmaz\u00e1ssal t\u00e1vvez\u00e9rl\u0151 gombok haszn\u00e1lata, a vez\u00e9rl\u0151k kimenetei egyedileg ki-bekapcsolhat\u00f3k, max 12db kimenet.<\/p>\n","protected":false},"featured_media":54,"template":"","meta":[],"product_cat":[17],"product_tag":[],"class_list":{"0":"post-186","1":"product","2":"type-product","3":"status-publish","4":"has-post-thumbnail","6":"product_cat-belepteto-szoftverek","8":"first","9":"instock","10":"taxable","11":"shipping-taxable","12":"purchasable","13":"product-type-simple"},"_links":{"self":[{"href":"https:\/\/webaruhaz.n1soft.hu\/index.php\/wp-json\/wp\/v2\/product\/186","targetHints":{"allow":["GET"]}}],"collection":[{"href":"https:\/\/webaruhaz.n1soft.hu\/index.php\/wp-json\/wp\/v2\/product"}],"about":[{"href":"https:\/\/webaruhaz.n1soft.hu\/index.php\/wp-json\/wp\/v2\/types\/product"}],"wp:featuredmedia":[{"embeddable":true,"href":"https:\/\/webaruhaz.n1soft.hu\/index.php\/wp-json\/wp\/v2\/media\/54"}],"wp:attachment":[{"href":"https:\/\/webaruhaz.n1soft.hu\/index.php\/wp-json\/wp\/v2\/media?parent=186"}],"wp:term":[{"taxonomy":"product_cat","embeddable":true,"href":"https:\/\/webaruhaz.n1soft.hu\/index.php\/wp-json\/wp\/v2\/product_cat?post=186"},{"taxonomy":"product_tag","embeddable":true,"href":"https:\/\/webaruhaz.n1soft.hu\/index.php\/wp-json\/wp\/v2\/product_tag?post=186"}],"curies":[{"name":"wp","href":"https:\/\/api.w.org\/{rel}","templated":true}]}}