{"id":20,"date":"2024-04-17T09:10:12","date_gmt":"2024-04-17T07:10:12","guid":{"rendered":"https:\/\/webaruhaz.n1soft.hu\/?post_type=product&#038;p=20"},"modified":"2025-02-03T07:38:51","modified_gmt":"2025-02-03T06:38:51","slug":"x8wifi-belepteto-vezerlo-panel","status":"publish","type":"product","link":"https:\/\/webaruhaz.n1soft.hu\/index.php\/termek\/x8wifi-belepteto-vezerlo-panel\/","title":{"rendered":"X8WiFi bel\u00e9ptet\u0151 vez\u00e9rl\u0151 panel"},"content":{"rendered":"<p>Ethernet IP alap\u00fa k\u00e9tolvas\u00f3s bel\u00e9ptet\u0151 vez\u00e9rl\u0151 panel, a wBox2000 bel\u00e9ptet\u0151 programmal egy\u00fctt alkalmazhat\u00f3. Kev\u00e9s k\u00e1belez\u00e9st ig\u00e9nyel, mivel a t\u00f6bbnyire m\u00e1r ki\u00e9p\u00edtett sz\u00e1m\u00edt\u00f3g\u00e9p h\u00e1l\u00f3zathoz csatlakoztathat\u00f3 k\u00e1bellel vagy WIFI-n kereszt\u00fcl. K\u00e9t egym\u00e1st\u00f3l f\u00fcggetlen jogosults\u00e1g\u00fa olvas\u00f3t is k\u00e9pes kezelni, \u00e9s kimenetei seg\u00edts\u00e9g\u00e9vel t\u00e1vvez\u00e9rl\u00e9si feladatokat ell\u00e1tni. Nem csak a helyi h\u00e1l\u00f3zaton m\u0171k\u00f6dhet, hanem egy t\u00e1voli telephelyen felszerelve az Internet seg\u00edts\u00e9g\u00e9vel a teljes bel\u00e9ptet\u0151 rendszer integr\u00e1lt r\u00e9sze lehet.<\/p>\n<div>\n<ul>\n<li>K\u00e1rtyaolvas\u00f3 csatlakoz\u00e1s: 2db Wiegand vagy Magstripe interf\u00e9sz (BE \u00e9s Ki ir\u00e1nyok). Az olvas\u00f3k egym\u00e1st\u00f3l teljesen f\u00fcggetlen\u00fcl, k\u00fcl\u00f6nb\u00f6z\u0151 jogokkal is m\u0171k\u00f6dhetnek. Billenty\u0171zettel ell\u00e1tott olvas\u00f3 kezel\u00e9se is (k\u00f3dsz\u00e1m vagy speci\u00e1lis esem\u00e9ny bevitel): bel\u00e9p\u00e9s k\u00e1rty\u00e1val, bel\u00e9p\u00e9s PIN k\u00f3ddal, vagy k\u00e1rtya \u00e9s PIN k\u00f3d egy\u00fctt.<\/li>\n<li>wBoxOpen Android alkalmaz\u00e1ssal is vez\u00e9relhet\u0151.<\/li>\n<li>Olvas\u00f3nk\u00e9nti hang \u00e9s LED vez\u00e9rl\u00e9s.<\/li>\n<li>Offline m\u0171k\u00f6d\u00e9s, adatgy\u0171jt\u0151 n\u00e9lk\u00fcl is, az utols\u00f3 be\u00e1ll\u00edt\u00e1sok szerint m\u0171k\u00f6dik, t\u00e1rol.<\/li>\n<li>2000 k\u00e1rtya, 6000 esem\u00e9ny t\u00e1rol\u00e1sa.<\/li>\n<li>T\u00e1pl\u00e1l\u00e1s: 12V-24V, \u00e1ramfelv\u00e9tel 50mA.<\/li>\n<li>Ajt\u00f3 nyit\u00e1s\u00e9rz\u00e9kel\u0151 kezel\u00e9se (riaszt\u00e1s, tart\u00f3s nyitva marad\u00e1s figyel\u00e9se).<\/li>\n<li>4 programozhat\u00f3 bemenet pl.: k\u00e9zi nyit\u00e1s, szabot\u00e1zs, speci\u00e1lis vez\u00e9rl\u00e9si feladatok.<\/li>\n<li>4 programozhat\u00f3 kimenet, egy nagy\u00e1ram\u00fa rel\u00e9 a panelon (m\u00e1gnesz\u00e1r vez\u00e9rl\u00e9s).<\/li>\n<li>Be\u00e9p\u00edtett nem felejt\u0151 val\u00f3s idej\u0171 \u00f3ra, id\u0151tartom\u00e1nyokhoz k\u00f6t\u00f6tt jogosults\u00e1g rendszer.<\/li>\n<li>Nagy teljes\u00edtm\u00e9ny\u0171 32bites RISC processzor<\/li>\n<li>Ingyenes t\u00e1voli seg\u00edts\u00e9gny\u00fajt\u00e1s a be\u00e1ll\u00edt\u00e1shoz.<\/li>\n<\/ul>\n<\/div>\n","protected":false},"excerpt":{"rendered":"<p>WiFi kapcsolattal m\u0171k\u00f6d\u0151 k\u00e9tolvas\u00f3s bel\u00e9ptet\u0151 vez\u00e9rl\u0151 panel<\/p>\n","protected":false},"featured_media":21,"template":"","meta":[],"product_cat":[16],"product_tag":[],"class_list":{"0":"post-20","1":"product","2":"type-product","3":"status-publish","4":"has-post-thumbnail","6":"product_cat-vezerlok-szettek","8":"first","9":"instock","10":"taxable","11":"shipping-taxable","12":"purchasable","13":"product-type-simple"},"_links":{"self":[{"href":"https:\/\/webaruhaz.n1soft.hu\/index.php\/wp-json\/wp\/v2\/product\/20","targetHints":{"allow":["GET"]}}],"collection":[{"href":"https:\/\/webaruhaz.n1soft.hu\/index.php\/wp-json\/wp\/v2\/product"}],"about":[{"href":"https:\/\/webaruhaz.n1soft.hu\/index.php\/wp-json\/wp\/v2\/types\/product"}],"wp:featuredmedia":[{"embeddable":true,"href":"https:\/\/webaruhaz.n1soft.hu\/index.php\/wp-json\/wp\/v2\/media\/21"}],"wp:attachment":[{"href":"https:\/\/webaruhaz.n1soft.hu\/index.php\/wp-json\/wp\/v2\/media?parent=20"}],"wp:term":[{"taxonomy":"product_cat","embeddable":true,"href":"https:\/\/webaruhaz.n1soft.hu\/index.php\/wp-json\/wp\/v2\/product_cat?post=20"},{"taxonomy":"product_tag","embeddable":true,"href":"https:\/\/webaruhaz.n1soft.hu\/index.php\/wp-json\/wp\/v2\/product_tag?post=20"}],"curies":[{"name":"wp","href":"https:\/\/api.w.org\/{rel}","templated":true}]}}