{"id":207,"date":"2024-04-20T08:18:31","date_gmt":"2024-04-20T06:18:31","guid":{"rendered":"https:\/\/webaruhaz.n1soft.hu\/?post_type=product&#038;p=207"},"modified":"2025-01-25T07:45:23","modified_gmt":"2025-01-25T06:45:23","slug":"kulcstarto-tipusu-mifare-1356-mhz-es-mukodesi-frekvenciaju-passziv-rfid-tag","status":"publish","type":"product","link":"https:\/\/webaruhaz.n1soft.hu\/index.php\/termek\/kulcstarto-tipusu-mifare-1356-mhz-es-mukodesi-frekvenciaju-passziv-rfid-tag\/","title":{"rendered":"Kulcstart\u00f3 t\u00edpus\u00fa Mifare 13,56 MHz-es m\u0171k\u00f6d\u00e9si frekvenci\u00e1j\u00fa passz\u00edv RFID Tag"},"content":{"rendered":"<p>Kulcstart\u00f3 t\u00edpus\u00fa Mifare 13,56 MHz-es m\u0171k\u00f6d\u00e9si frekvenci\u00e1j\u00fa passz\u00edv RFID Tag<\/p>\n","protected":false},"excerpt":{"rendered":"<p>Kulcstart\u00f3 t\u00edpus\u00fa Mifare 13,56 MHz-es m\u0171k\u00f6d\u00e9si frekvenci\u00e1j\u00fa passz\u00edv RFID Tag<\/p>\n","protected":false},"featured_media":208,"template":"","meta":[],"product_cat":[18],"product_tag":[],"class_list":{"0":"post-207","1":"product","2":"type-product","3":"status-publish","4":"has-post-thumbnail","6":"product_cat-olvasok-kartyak","8":"first","9":"instock","10":"taxable","11":"shipping-taxable","12":"purchasable","13":"product-type-simple"},"_links":{"self":[{"href":"https:\/\/webaruhaz.n1soft.hu\/index.php\/wp-json\/wp\/v2\/product\/207","targetHints":{"allow":["GET"]}}],"collection":[{"href":"https:\/\/webaruhaz.n1soft.hu\/index.php\/wp-json\/wp\/v2\/product"}],"about":[{"href":"https:\/\/webaruhaz.n1soft.hu\/index.php\/wp-json\/wp\/v2\/types\/product"}],"wp:featuredmedia":[{"embeddable":true,"href":"https:\/\/webaruhaz.n1soft.hu\/index.php\/wp-json\/wp\/v2\/media\/208"}],"wp:attachment":[{"href":"https:\/\/webaruhaz.n1soft.hu\/index.php\/wp-json\/wp\/v2\/media?parent=207"}],"wp:term":[{"taxonomy":"product_cat","embeddable":true,"href":"https:\/\/webaruhaz.n1soft.hu\/index.php\/wp-json\/wp\/v2\/product_cat?post=207"},{"taxonomy":"product_tag","embeddable":true,"href":"https:\/\/webaruhaz.n1soft.hu\/index.php\/wp-json\/wp\/v2\/product_tag?post=207"}],"curies":[{"name":"wp","href":"https:\/\/api.w.org\/{rel}","templated":true}]}}