{"id":22,"date":"2024-04-17T09:19:11","date_gmt":"2024-04-17T07:19:11","guid":{"rendered":"https:\/\/webaruhaz.n1soft.hu\/?post_type=product&#038;p=22"},"modified":"2024-04-20T08:00:22","modified_gmt":"2024-04-20T06:00:22","slug":"x8io-modul","status":"publish","type":"product","link":"https:\/\/webaruhaz.n1soft.hu\/index.php\/termek\/x8io-modul\/","title":{"rendered":"X8IO Modul"},"content":{"rendered":"<p>IP alap\u00fa vez\u00e9rl\u00e9si feladatok ell\u00e1t\u00e1s\u00e1ra alkalmas a wBox2000 bel\u00e9ptet\u0151 rendszerrel kompatibilis panel. 8 bemenet \u00e9s egy h\u0151m\u00e9rs\u00e9klet \u00e9rz\u00e9kel\u0151 adatait tov\u00e1bb\u00edthatja a rendszernek, illetve 4 vez\u00e9relhet\u0151 kimenettel rendelkezik.<\/p>\n<p>A v\u00e1ltoz\u00e1sokat valamint a h\u0151m\u00e9rs\u00e9klet adatokat be\u00e1ll\u00edthat\u00f3 mintav\u00e9teli id\u0151vel t\u00e1rolja az adatb\u00e1zisban. A h\u0151m\u00e9rs\u00e9klet adatok grafikon form\u00e1j\u00e1ban tetsz\u0151leges id\u0151tartom\u00e1nyban megjelen\u00edthet\u0151k. Als\u00f3 \u00e9s fels\u0151 hat\u00e1r be\u00e1ll\u00edthat\u00f3, t\u00fall\u00e9p\u00e9skor figyelmeztet\u0151 emailt k\u00fcldhet. A kapcsolat megszakad\u00e1sa eset\u00e9n a m\u00e9r\u00e9si adatokat t\u00e1rolja, a kapcsolat helyre\u00e1ll\u00e1sa ut\u00e1n id\u0151ponttal tov\u00e1bb\u00edtja.<\/p>\n<p>Javasolt alkalmaz\u00e1si ter\u00fcletek: szerverszob\u00e1k, szekr\u00e9nyek h\u0151m\u00e9rs\u00e9klet ellen\u0151rz\u00e9se, h\u0171t\u0151rendszerekhez riaszt\u00f3 jelz\u00e9se, \u00e1ramell\u00e1t\u00f3 rendszerek (egy- vagy h\u00e1romf\u00e1zis\u00fa) figyel\u00e9se, kimarad\u00e1sok r\u00f6gz\u00edt\u00e9se, jelz\u00e9se.\u2022 T\u00e1pl\u00e1l\u00e1s: 12V-24V, \u00e1ramfelv\u00e9tel 50mA.<br \/>\n\u2022 8 bemenet figyel\u00e9se<br \/>\n\u2022 Figyelmeztet\u0151 email k\u00fcld\u00e9s funkci\u00f3.<br \/>\n\u2022 DS18B20 h\u0151m\u00e9rs\u00e9klet szenzor fogad\u00e1sa, -55\u00b0C-t\u00f3l +125\u00b0C-ig. 0.5\u00b0C pontoss\u00e1g kalibr\u00e1l\u00e1s n\u00e9lk\u00fcl. K\u00e9tvezet\u00e9ke, max k\u00e1bel hossz 10m\u00e9ter.<br \/>\n\u2022 Offline m\u0171k\u00f6d\u00e9s eset\u00e9n max 14000 m\u00e9r\u00e9si adat t\u00e1rol\u00e1sa<br \/>\n\u2022 4 programozhat\u00f3 kimenet, egy nagy \u00e1ram\u00fa rel\u00e9 a panelon<br \/>\n\u2022 Kimenetek web fel\u00fcletr\u0151l t\u00e1volr\u00f3l vez\u00e9relhet\u0151ek.<br \/>\n\u2022 Be\u00e9p\u00edtett nem felejt\u0151 val\u00f3s idej\u0171 \u00f3ra.<br \/>\n\u2022 Nagy teljes\u00edtm\u00e9ny\u0171 32bites RISC processzor<\/p>\n<p>&nbsp;<\/p>\n","protected":false},"excerpt":{"rendered":"<p>IP alap\u00fa vez\u00e9rl\u00e9si feladatok ell\u00e1t\u00e1s\u00e1ra alkalmas a wBox2000 bel\u00e9ptet\u0151 rendszerrel kompatibilis panel. 8 bemenet \u00e9s egy h\u0151m\u00e9rs\u00e9klet \u00e9rz\u00e9kel\u0151 adatait tov\u00e1bb\u00edthatja a rendszernek, illetve 4 vez\u00e9relhet\u0151 kimenettel rendelkezik.<\/p>\n","protected":false},"featured_media":61,"template":"","meta":[],"product_cat":[16],"product_tag":[],"class_list":{"0":"post-22","1":"product","2":"type-product","3":"status-publish","4":"has-post-thumbnail","6":"product_cat-vezerlok-szettek","8":"first","9":"instock","10":"taxable","11":"shipping-taxable","12":"purchasable","13":"product-type-simple"},"_links":{"self":[{"href":"https:\/\/webaruhaz.n1soft.hu\/index.php\/wp-json\/wp\/v2\/product\/22","targetHints":{"allow":["GET"]}}],"collection":[{"href":"https:\/\/webaruhaz.n1soft.hu\/index.php\/wp-json\/wp\/v2\/product"}],"about":[{"href":"https:\/\/webaruhaz.n1soft.hu\/index.php\/wp-json\/wp\/v2\/types\/product"}],"wp:featuredmedia":[{"embeddable":true,"href":"https:\/\/webaruhaz.n1soft.hu\/index.php\/wp-json\/wp\/v2\/media\/61"}],"wp:attachment":[{"href":"https:\/\/webaruhaz.n1soft.hu\/index.php\/wp-json\/wp\/v2\/media?parent=22"}],"wp:term":[{"taxonomy":"product_cat","embeddable":true,"href":"https:\/\/webaruhaz.n1soft.hu\/index.php\/wp-json\/wp\/v2\/product_cat?post=22"},{"taxonomy":"product_tag","embeddable":true,"href":"https:\/\/webaruhaz.n1soft.hu\/index.php\/wp-json\/wp\/v2\/product_tag?post=22"}],"curies":[{"name":"wp","href":"https:\/\/api.w.org\/{rel}","templated":true}]}}