{"id":231,"date":"2024-04-20T08:37:50","date_gmt":"2024-04-20T06:37:50","guid":{"rendered":"https:\/\/webaruhaz.n1soft.hu\/?post_type=product&#038;p=231"},"modified":"2024-04-20T08:40:04","modified_gmt":"2024-04-20T06:40:04","slug":"pajzs-nelkuli-allithato-szimmetrikus-elektromos-zar-elolap-nelkul","status":"publish","type":"product","link":"https:\/\/webaruhaz.n1soft.hu\/index.php\/termek\/pajzs-nelkuli-allithato-szimmetrikus-elektromos-zar-elolap-nelkul\/","title":{"rendered":"Pajzs n\u00e9lk\u00fcli \u00e1ll\u00edthat\u00f3, szimmetrikus, elektromos z\u00e1r, el\u0151lap n\u00e9lk\u00fcl"},"content":{"rendered":"<p>Pajzs n\u00e9lk\u00fcli \u00e1ll\u00edthat\u00f3, szimmetrikus, elektromos z\u00e1r, el\u0151lap n\u00e9lk\u00fcl<\/p>\n<ul>\n<li>Fesz\u00fclts\u00e9gre nyit<\/li>\n<li>\u00c1ramfelv\u00e9tel 700mA<\/li>\n<li>Tart\u00f3er\u0151 330 kg<\/li>\n<li>Nyit\u00f3 jel\/max.hossza Id\u0151z\u00edtett\/max.15mp<\/li>\n<li>\u00c1ll\u00edthat\u00f3 z\u00e1rcsapda<\/li>\n<li>Befoglal\u00f3 m\u00e9retetek 67x32x20,5mm<\/li>\n<\/ul>\n","protected":false},"excerpt":{"rendered":"<p>Pajzs n\u00e9lk\u00fcli \u00e1ll\u00edthat\u00f3, szimmetrikus, elektromos z\u00e1r, el\u0151lap n\u00e9lk\u00fcl<\/p>\n","protected":false},"featured_media":233,"template":"","meta":[],"product_cat":[20],"product_tag":[],"class_list":{"0":"post-231","1":"product","2":"type-product","3":"status-publish","4":"has-post-thumbnail","6":"product_cat-belepteto-kiegeszitok","8":"first","9":"instock","10":"taxable","11":"shipping-taxable","12":"purchasable","13":"product-type-simple"},"_links":{"self":[{"href":"https:\/\/webaruhaz.n1soft.hu\/index.php\/wp-json\/wp\/v2\/product\/231","targetHints":{"allow":["GET"]}}],"collection":[{"href":"https:\/\/webaruhaz.n1soft.hu\/index.php\/wp-json\/wp\/v2\/product"}],"about":[{"href":"https:\/\/webaruhaz.n1soft.hu\/index.php\/wp-json\/wp\/v2\/types\/product"}],"wp:featuredmedia":[{"embeddable":true,"href":"https:\/\/webaruhaz.n1soft.hu\/index.php\/wp-json\/wp\/v2\/media\/233"}],"wp:attachment":[{"href":"https:\/\/webaruhaz.n1soft.hu\/index.php\/wp-json\/wp\/v2\/media?parent=231"}],"wp:term":[{"taxonomy":"product_cat","embeddable":true,"href":"https:\/\/webaruhaz.n1soft.hu\/index.php\/wp-json\/wp\/v2\/product_cat?post=231"},{"taxonomy":"product_tag","embeddable":true,"href":"https:\/\/webaruhaz.n1soft.hu\/index.php\/wp-json\/wp\/v2\/product_tag?post=231"}],"curies":[{"name":"wp","href":"https:\/\/api.w.org\/{rel}","templated":true}]}}