{"id":248,"date":"2024-04-20T09:04:58","date_gmt":"2024-04-20T07:04:58","guid":{"rendered":"https:\/\/webaruhaz.n1soft.hu\/?post_type=product&#038;p=248"},"modified":"2026-01-08T09:51:39","modified_gmt":"2026-01-08T08:51:39","slug":"vandal-biztos-em-id-125-khz-es-proximity-kartyaolvaso-2","status":"publish","type":"product","link":"https:\/\/webaruhaz.n1soft.hu\/index.php\/termek\/vandal-biztos-em-id-125-khz-es-proximity-kartyaolvaso-2\/","title":{"rendered":"Vand\u00e1l biztos EM-ID (125 KHz-es) proximity k\u00e1rtyaolvas\u00f3"},"content":{"rendered":"<p>EM-ID (125 KHz-es) proximity k\u00e1rtyaolvas\u00f3, vand\u00e1lbiztos kivitel f\u00e9mh\u00e1zban, 26-bit Wiegand kimeneti form\u00e1tummal. K\u00fclt\u00e9ri.<\/p>\n","protected":false},"excerpt":{"rendered":"<p>Vand\u00e1l biztos EM-ID (125 KHz-es) proximity k\u00e1rtyaolvas\u00f3<\/p>\n","protected":false},"featured_media":210,"template":"","meta":[],"product_cat":[18],"product_tag":[],"class_list":{"0":"post-248","1":"product","2":"type-product","3":"status-publish","4":"has-post-thumbnail","6":"product_cat-olvasok-kartyak","8":"first","9":"instock","10":"taxable","11":"shipping-taxable","12":"purchasable","13":"product-type-simple"},"_links":{"self":[{"href":"https:\/\/webaruhaz.n1soft.hu\/index.php\/wp-json\/wp\/v2\/product\/248","targetHints":{"allow":["GET"]}}],"collection":[{"href":"https:\/\/webaruhaz.n1soft.hu\/index.php\/wp-json\/wp\/v2\/product"}],"about":[{"href":"https:\/\/webaruhaz.n1soft.hu\/index.php\/wp-json\/wp\/v2\/types\/product"}],"wp:featuredmedia":[{"embeddable":true,"href":"https:\/\/webaruhaz.n1soft.hu\/index.php\/wp-json\/wp\/v2\/media\/210"}],"wp:attachment":[{"href":"https:\/\/webaruhaz.n1soft.hu\/index.php\/wp-json\/wp\/v2\/media?parent=248"}],"wp:term":[{"taxonomy":"product_cat","embeddable":true,"href":"https:\/\/webaruhaz.n1soft.hu\/index.php\/wp-json\/wp\/v2\/product_cat?post=248"},{"taxonomy":"product_tag","embeddable":true,"href":"https:\/\/webaruhaz.n1soft.hu\/index.php\/wp-json\/wp\/v2\/product_tag?post=248"}],"curies":[{"name":"wp","href":"https:\/\/api.w.org\/{rel}","templated":true}]}}