{"id":283,"date":"2024-09-05T14:33:50","date_gmt":"2024-09-05T12:33:50","guid":{"rendered":"https:\/\/webaruhaz.n1soft.hu\/?post_type=product&#038;p=283"},"modified":"2026-04-28T15:55:44","modified_gmt":"2026-04-28T13:55:44","slug":"raspberry-pi-4-miniszamitogep-2gb-ram-rtc-modul-16gb-sd-kartya-tap-doboz-hutes","status":"publish","type":"product","link":"https:\/\/webaruhaz.n1soft.hu\/index.php\/termek\/raspberry-pi-4-miniszamitogep-2gb-ram-rtc-modul-16gb-sd-kartya-tap-doboz-hutes\/","title":{"rendered":"Raspberry Pi 4 minisz\u00e1m\u00edt\u00f3g\u00e9p, 2Gb RAM, RTC modul, 16Gb SD k\u00e1rtya, t\u00e1p, doboz, h\u0171t\u00e9s"},"content":{"rendered":"<p>A csomag tartalma:<\/p>\n<p>&#8211; Raspberry Pi 4, 2Gb RAM<br \/>\n&#8211; 16Gbyte SD k\u00e1rtya (b\u0151v\u00edthet\u0151)<br \/>\n&#8211; H\u0171t\u0151borda<br \/>\n&#8211; Plugin t\u00e1pegys\u00e9g 3A.<br \/>\n&#8211; Install\u00e1lt haszn\u00e1latra k\u00e9sz Linux (Raspbian) op. rendszerrel (SSH \u00e9s VNC el\u00e9r\u00e9ssel).<br \/>\n&#8211; Ig\u00e9ny szerint wBox2000 bel\u00e9ptet\u0151 rendszerrel. A bel\u00e9ptet\u0151 rendszer m\u0171k\u00f6dtet\u00e9s\u00e9hez.<\/p>\n<p>A m\u00e1r szinte ipari szabv\u00e1nynak sz\u00e1m\u00edt\u00f3 Raspberry mini sz\u00e1m\u00edt\u00f3g\u00e9p ebben a szerepk\u00f6rben is t\u00f6k\u00e9letes \u00e9s gazdas\u00e1gos alternat\u00edv\u00e1ja egy PC-nek: nem sz\u00fcks\u00e9ges a bel\u00e9ptet\u0151 rendszer sz\u00e1m\u00e1ra egy k\u00fcl\u00f6n PC-t haszn\u00e1lnia, az olcs\u00f3 \u00e9s megb\u00edzhat\u00f3 Rasberry Pi Linux alapon kiv\u00e1l\u00f3 teljes\u00edtm\u00e9nnyel biztos\u00edtja a h\u00e1tt\u00e9r szerverszolg\u00e1ltat\u00e1sokat: fut rajta az adatgy\u0171jt\u0151, a MySQL adatb\u00e1zis kezel\u0151 \u00e9s a webszerber. Nem sz\u00fcks\u00e9ges hozz\u00e1 sem monitor, sem eg\u00e9r, t\u00e1voli asztali el\u00e9r\u00e9ssel menedzselhet\u0151 (kezel\u00e9s\u00e9hez Windows ismeretek is elegend\u0151ek), a napi haszn\u00e1lat pedig a webb\u00f6ng\u00e9sz\u0151k\u00f6n kereszt\u00fcl t\u00f6rt\u00e9nik. Kis fogyaszt\u00e1sa ok\u00e1n esetleges sz\u00fcnetmentes t\u00e1pell\u00e1t\u00e1sa is k\u00f6nnyen megoldhat\u00f3. Install\u00e1l\u00e1sa is rendk\u00edv\u00fcl egyszer\u0171, f\u00e9lteny\u00e9rnyi m\u00e9rete ellen\u00e9re vezet\u00e9ses \u00e9s WIFI h\u00e1l\u00f3zati kapcsolatot egyar\u00e1nt biztos\u00edt.<\/p>\n","protected":false},"excerpt":{"rendered":"<p>Raspberry Pi 4 minisz\u00e1m\u00edt\u00f3g\u00e9p, 2Gb RAM-mal, 16Gb SD k\u00e1rtya, t\u00e1p<\/p>\n","protected":false},"featured_media":278,"template":"","meta":[],"product_cat":[16],"product_tag":[],"class_list":{"0":"post-283","1":"product","2":"type-product","3":"status-publish","4":"has-post-thumbnail","6":"product_cat-vezerlok-szettek","8":"first","9":"instock","10":"taxable","11":"shipping-taxable","12":"purchasable","13":"product-type-simple"},"_links":{"self":[{"href":"https:\/\/webaruhaz.n1soft.hu\/index.php\/wp-json\/wp\/v2\/product\/283","targetHints":{"allow":["GET"]}}],"collection":[{"href":"https:\/\/webaruhaz.n1soft.hu\/index.php\/wp-json\/wp\/v2\/product"}],"about":[{"href":"https:\/\/webaruhaz.n1soft.hu\/index.php\/wp-json\/wp\/v2\/types\/product"}],"wp:featuredmedia":[{"embeddable":true,"href":"https:\/\/webaruhaz.n1soft.hu\/index.php\/wp-json\/wp\/v2\/media\/278"}],"wp:attachment":[{"href":"https:\/\/webaruhaz.n1soft.hu\/index.php\/wp-json\/wp\/v2\/media?parent=283"}],"wp:term":[{"taxonomy":"product_cat","embeddable":true,"href":"https:\/\/webaruhaz.n1soft.hu\/index.php\/wp-json\/wp\/v2\/product_cat?post=283"},{"taxonomy":"product_tag","embeddable":true,"href":"https:\/\/webaruhaz.n1soft.hu\/index.php\/wp-json\/wp\/v2\/product_tag?post=283"}],"curies":[{"name":"wp","href":"https:\/\/api.w.org\/{rel}","templated":true}]}}