{"id":289,"date":"2024-09-05T14:44:46","date_gmt":"2024-09-05T12:44:46","guid":{"rendered":"https:\/\/webaruhaz.n1soft.hu\/?post_type=product&#038;p=289"},"modified":"2026-01-08T10:03:39","modified_gmt":"2026-01-08T09:03:39","slug":"otic201k-em-m-mifare-kartyaolvaso-erinto-billentyuzettel","status":"publish","type":"product","link":"https:\/\/webaruhaz.n1soft.hu\/index.php\/termek\/otic201k-em-m-mifare-kartyaolvaso-erinto-billentyuzettel\/","title":{"rendered":"OTIC201K EM-M (Mifare) k\u00e1rtyaolvas\u00f3 \u00e9rint\u0151 billenty\u0171zettel"},"content":{"rendered":"<p>Mifare (10.56 MHz-es) proximity k\u00e1rtyaolvas\u00f3, 26-bit Wiegand kimeneti form\u00e1tummal. \u00c9rint\u0151 billenty\u0171zettel. K\u00fclt\u00e9ri.<\/p>\n","protected":false},"excerpt":{"rendered":"<p>Mifare (10.56 MHz-es) proximity k\u00e1rtyaolvas\u00f3\u00a0\u00e9rint\u0151 billenty\u0171zettel<\/p>\n","protected":false},"featured_media":287,"template":"","meta":[],"product_cat":[18],"product_tag":[],"class_list":{"0":"post-289","1":"product","2":"type-product","3":"status-publish","4":"has-post-thumbnail","6":"product_cat-olvasok-kartyak","8":"first","9":"instock","10":"taxable","11":"shipping-taxable","12":"purchasable","13":"product-type-simple"},"_links":{"self":[{"href":"https:\/\/webaruhaz.n1soft.hu\/index.php\/wp-json\/wp\/v2\/product\/289","targetHints":{"allow":["GET"]}}],"collection":[{"href":"https:\/\/webaruhaz.n1soft.hu\/index.php\/wp-json\/wp\/v2\/product"}],"about":[{"href":"https:\/\/webaruhaz.n1soft.hu\/index.php\/wp-json\/wp\/v2\/types\/product"}],"wp:featuredmedia":[{"embeddable":true,"href":"https:\/\/webaruhaz.n1soft.hu\/index.php\/wp-json\/wp\/v2\/media\/287"}],"wp:attachment":[{"href":"https:\/\/webaruhaz.n1soft.hu\/index.php\/wp-json\/wp\/v2\/media?parent=289"}],"wp:term":[{"taxonomy":"product_cat","embeddable":true,"href":"https:\/\/webaruhaz.n1soft.hu\/index.php\/wp-json\/wp\/v2\/product_cat?post=289"},{"taxonomy":"product_tag","embeddable":true,"href":"https:\/\/webaruhaz.n1soft.hu\/index.php\/wp-json\/wp\/v2\/product_tag?post=289"}],"curies":[{"name":"wp","href":"https:\/\/api.w.org\/{rel}","templated":true}]}}