{"id":300,"date":"2025-01-25T07:53:08","date_gmt":"2025-01-25T06:53:08","guid":{"rendered":"https:\/\/webaruhaz.n1soft.hu\/?post_type=product&#038;p=300"},"modified":"2025-01-25T07:57:10","modified_gmt":"2025-01-25T06:57:10","slug":"erintos-feluletre-szerelheto-ajtonyito-gomb","status":"publish","type":"product","link":"https:\/\/webaruhaz.n1soft.hu\/index.php\/termek\/erintos-feluletre-szerelheto-ajtonyito-gomb\/","title":{"rendered":"\u00c9rint\u0151s fel\u00fcletre szerelhet\u0151 ajt\u00f3nyit\u00f3 gomb"},"content":{"rendered":"<p>\u00c9rint\u0151 gombos ajt\u00f3nyit\u00f3 gomb Exit felirattal, m\u0171anyag<\/p>\n<p>falon k\u00edv\u00fcli,<br \/>\nNO\/C\/NC kimenet, 2A\/50V<br \/>\nK\u00e9k\/z\u00f6ld (standby\/akt\u00edv)<br \/>\nT\u00e1pfesz\u00fclts\u00e9g: 9-30V DC \u00e9s 9-24VAC is<br \/>\nTeljes\u00edtm\u00e9nyfelv\u00e9tele &lt; 1W<br \/>\nLED vil\u00e1g\u00edt\u00e1s<br \/>\nM\u00e9ret: 50x86x21mm,<\/p>\n","protected":false},"excerpt":{"rendered":"<h1>Ajt\u00f3nyit\u00f3 gomb Exit felirattal<\/h1>\n","protected":false},"featured_media":302,"template":"","meta":[],"product_cat":[20],"product_tag":[],"class_list":{"0":"post-300","1":"product","2":"type-product","3":"status-publish","4":"has-post-thumbnail","6":"product_cat-belepteto-kiegeszitok","8":"first","9":"instock","10":"taxable","11":"shipping-taxable","12":"purchasable","13":"product-type-simple"},"_links":{"self":[{"href":"https:\/\/webaruhaz.n1soft.hu\/index.php\/wp-json\/wp\/v2\/product\/300","targetHints":{"allow":["GET"]}}],"collection":[{"href":"https:\/\/webaruhaz.n1soft.hu\/index.php\/wp-json\/wp\/v2\/product"}],"about":[{"href":"https:\/\/webaruhaz.n1soft.hu\/index.php\/wp-json\/wp\/v2\/types\/product"}],"wp:featuredmedia":[{"embeddable":true,"href":"https:\/\/webaruhaz.n1soft.hu\/index.php\/wp-json\/wp\/v2\/media\/302"}],"wp:attachment":[{"href":"https:\/\/webaruhaz.n1soft.hu\/index.php\/wp-json\/wp\/v2\/media?parent=300"}],"wp:term":[{"taxonomy":"product_cat","embeddable":true,"href":"https:\/\/webaruhaz.n1soft.hu\/index.php\/wp-json\/wp\/v2\/product_cat?post=300"},{"taxonomy":"product_tag","embeddable":true,"href":"https:\/\/webaruhaz.n1soft.hu\/index.php\/wp-json\/wp\/v2\/product_tag?post=300"}],"curies":[{"name":"wp","href":"https:\/\/api.w.org\/{rel}","templated":true}]}}