{"id":303,"date":"2025-01-25T08:06:37","date_gmt":"2025-01-25T07:06:37","guid":{"rendered":"https:\/\/webaruhaz.n1soft.hu\/?post_type=product&#038;p=303"},"modified":"2025-01-25T08:08:30","modified_gmt":"2025-01-25T07:08:30","slug":"ds18b20-vizhatlan-digitalis-homero-szonda-2m-copy","status":"publish","type":"product","link":"https:\/\/webaruhaz.n1soft.hu\/index.php\/termek\/ds18b20-vizhatlan-digitalis-homero-szonda-2m-copy\/","title":{"rendered":"DS18B20 v\u00edzhatlan digit\u00e1lis h\u0151m\u00e9r\u0151 szonda, 2m (Copy)"},"content":{"rendered":"<p><span class=\"value2\">DS18B20 v\u00edzhatlan digit\u00e1lis h\u0151m\u00e9r\u0151 szonda, 2m k\u00e1bellel. X8IO \u00e9s X8WiFi IO\u00a0 modulokkal kompatibilis. H\u0151m\u00e9rs\u00e9klet adatgy\u0171jt\u00e9shez figyelmeztet\u0151 jelz\u00e9ssel (email, kimenet aktiv\u00e1l\u00e1s).<br \/>\n<\/span><\/p>\n<p>H\u00fcvely m\u00e9rete: 6 \u00d7 50mmV\u00edz\u00e1ll\u00f3 rozsdamentes ac\u00e9l h\u00fcvely<br \/>\nM\u00e9r\u00e9si pontoss\u00e1g: \u00b1 0.5\u00b0C<br \/>\n\u00dczemi h\u0151m\u00e9rs\u00e9klet: -55&#8230;125\u00b0C (-67&#8230;257F)<br \/>\n<span class=\"value2\"><br \/>\n<\/span><\/p>\n","protected":false},"excerpt":{"rendered":"<p>DS18B20 v\u00edzhatlan digit\u00e1lis h\u0151m\u00e9r\u0151 szonda, 5m<\/p>\n","protected":false},"featured_media":220,"template":"","meta":[],"product_cat":[20],"product_tag":[],"class_list":{"0":"post-303","1":"product","2":"type-product","3":"status-publish","4":"has-post-thumbnail","6":"product_cat-belepteto-kiegeszitok","8":"first","9":"instock","10":"taxable","11":"shipping-taxable","12":"purchasable","13":"product-type-simple"},"_links":{"self":[{"href":"https:\/\/webaruhaz.n1soft.hu\/index.php\/wp-json\/wp\/v2\/product\/303","targetHints":{"allow":["GET"]}}],"collection":[{"href":"https:\/\/webaruhaz.n1soft.hu\/index.php\/wp-json\/wp\/v2\/product"}],"about":[{"href":"https:\/\/webaruhaz.n1soft.hu\/index.php\/wp-json\/wp\/v2\/types\/product"}],"wp:featuredmedia":[{"embeddable":true,"href":"https:\/\/webaruhaz.n1soft.hu\/index.php\/wp-json\/wp\/v2\/media\/220"}],"wp:attachment":[{"href":"https:\/\/webaruhaz.n1soft.hu\/index.php\/wp-json\/wp\/v2\/media?parent=303"}],"wp:term":[{"taxonomy":"product_cat","embeddable":true,"href":"https:\/\/webaruhaz.n1soft.hu\/index.php\/wp-json\/wp\/v2\/product_cat?post=303"},{"taxonomy":"product_tag","embeddable":true,"href":"https:\/\/webaruhaz.n1soft.hu\/index.php\/wp-json\/wp\/v2\/product_tag?post=303"}],"curies":[{"name":"wp","href":"https:\/\/api.w.org\/{rel}","templated":true}]}}