{"id":307,"date":"2025-02-04T14:52:10","date_gmt":"2025-02-04T13:52:10","guid":{"rendered":"https:\/\/webaruhaz.n1soft.hu\/?post_type=product&#038;p=307"},"modified":"2026-01-06T09:10:37","modified_gmt":"2026-01-06T08:10:37","slug":"wbox2000-kamera-modul-felvetel-keszites-kulonbozo-esemenyekre","status":"publish","type":"product","link":"https:\/\/webaruhaz.n1soft.hu\/index.php\/termek\/wbox2000-kamera-modul-felvetel-keszites-kulonbozo-esemenyekre\/","title":{"rendered":"wBox2000 Kamera modul (felv\u00e9tel k\u00e9sz\u00edt\u00e9s k\u00fcl\u00f6nb\u00f6z\u0151 esem\u00e9nyekn\u00e9l)"},"content":{"rendered":"<p>A csal\u00e1sok elker\u00fcl\u00e9s\u00e9re m\u00f3d van arra, hogy az olvas\u00f3 hely\u00e9n egy kamera is legyen telep\u00edtve, ami az olvas\u00f3 haszn\u00e1latakor k\u00e9sz\u00edt egy f\u00e9nyk\u00e9pet az olvas\u00f3 haszn\u00e1l\u00f3j\u00e1r\u00f3l. De ak\u00e1r m\u00f3d van arra is, hogy az ind\u00edt\u00f3 esem\u00e9ny egy ajt\u00f3 kinyit\u00e1sa legyen, t\u00e1rolva ezzel az \u00e9rkez\u0151 f\u00e9nyk\u00e9p\u00e9t. A k\u00e9pet a rendszer az esem\u00e9nnyel p\u00e1ros\u00edtva t\u00e1rolja az adatb\u00e1zisban. T\u00f6bb kamer\u00e1t is tartalmazhat a rendszer, minden kamer\u00e1n\u00e1l megadhat\u00f3, hogy melyik olvas\u00f3hoz tartozik,\u00a0 milyen esem\u00e9nyekn\u00e9l k\u00e9sz\u00edtsen felv\u00e9telt \u00e9s egy k\u00e9sleltet\u00e9s m\u00e1sodpercben, az esem\u00e9ny bek\u00f6vetkez\u00e9se ut\u00e1n mennyivel k\u00e9sz\u00fclj\u00f6n\u00a0 a k\u00e9p. A t\u00e1rolt k\u00e9pek az esem\u00e9nyek list\u00e1j\u00e1ban vagy a munkaid\u0151 list\u00e1ban n\u00e9zhet\u0151k vissza.<\/p>\n<p>A haszn\u00e1lhat\u00f3 kamera t\u00edpusok: Dahua vagy Hikvision gy\u00e1rtm\u00e1nyok. Javasolt a 4MPixel felbont\u00e1s.<\/p>\n<p>A modul kamer\u00e1val egy\u00fctt is rendelhet\u0151 (wBox2000 egykamer\u00e1s csomag). A modul \u00e1ra max 2 db kamer\u00e1ra vonatkozik, nagyobb kamerasz\u00e1m eset\u00e9n h\u00edvjon!<\/p>\n","protected":false},"excerpt":{"rendered":"<p>Kamera modul max 2 db kamer\u00e1hoz. Olvas\u00f3 haszn\u00e1latakor k\u00e9sz\u00edt egy felv\u00e9telt az olvas\u00f3 haszn\u00e1l\u00f3j\u00e1r\u00f3l. De m\u00f3d van arra is, hogy az ind\u00edt\u00f3 esem\u00e9ny egy ajt\u00f3 kinyit\u00e1sa legyen, t\u00e1rolva ezzel az \u00e9rkez\u0151 f\u00e9nyk\u00e9p\u00e9t. A k\u00e9pet a rendszer az esem\u00e9nnyel p\u00e1ros\u00edtva t\u00e1rolja az adatb\u00e1zisban.<\/p>\n<p>Nagyobb kamerasz\u00e1m eset\u00e9n h\u00edvjon!<\/p>\n","protected":false},"featured_media":308,"template":"","meta":[],"product_cat":[17],"product_tag":[],"class_list":{"0":"post-307","1":"product","2":"type-product","3":"status-publish","4":"has-post-thumbnail","6":"product_cat-belepteto-szoftverek","8":"first","9":"instock","10":"taxable","11":"shipping-taxable","12":"purchasable","13":"product-type-simple"},"_links":{"self":[{"href":"https:\/\/webaruhaz.n1soft.hu\/index.php\/wp-json\/wp\/v2\/product\/307","targetHints":{"allow":["GET"]}}],"collection":[{"href":"https:\/\/webaruhaz.n1soft.hu\/index.php\/wp-json\/wp\/v2\/product"}],"about":[{"href":"https:\/\/webaruhaz.n1soft.hu\/index.php\/wp-json\/wp\/v2\/types\/product"}],"wp:featuredmedia":[{"embeddable":true,"href":"https:\/\/webaruhaz.n1soft.hu\/index.php\/wp-json\/wp\/v2\/media\/308"}],"wp:attachment":[{"href":"https:\/\/webaruhaz.n1soft.hu\/index.php\/wp-json\/wp\/v2\/media?parent=307"}],"wp:term":[{"taxonomy":"product_cat","embeddable":true,"href":"https:\/\/webaruhaz.n1soft.hu\/index.php\/wp-json\/wp\/v2\/product_cat?post=307"},{"taxonomy":"product_tag","embeddable":true,"href":"https:\/\/webaruhaz.n1soft.hu\/index.php\/wp-json\/wp\/v2\/product_tag?post=307"}],"curies":[{"name":"wp","href":"https:\/\/api.w.org\/{rel}","templated":true}]}}