{"id":310,"date":"2025-02-04T15:43:11","date_gmt":"2025-02-04T14:43:11","guid":{"rendered":"https:\/\/webaruhaz.n1soft.hu\/?post_type=product&#038;p=310"},"modified":"2026-01-06T09:10:59","modified_gmt":"2026-01-06T08:10:59","slug":"wbox2000-kamera-csomag-wbox2000-kamera-csomag-kamera-poe-tapfelado","status":"publish","type":"product","link":"https:\/\/webaruhaz.n1soft.hu\/index.php\/termek\/wbox2000-kamera-csomag-wbox2000-kamera-csomag-kamera-poe-tapfelado\/","title":{"rendered":"wBox2000 Kamera csomag (wBox2000 kamera modul + Kamera + PoE t\u00e1pfelad\u00f3)"},"content":{"rendered":"<p>A csal\u00e1sok elker\u00fcl\u00e9s\u00e9re m\u00f3d van arra, hogy az olvas\u00f3 hely\u00e9n egy kamera is legyen telep\u00edtve, ami az olvas\u00f3 haszn\u00e1latakor k\u00e9sz\u00edt egy f\u00e9nyk\u00e9pet az olvas\u00f3 haszn\u00e1l\u00f3j\u00e1r\u00f3l. De ak\u00e1r m\u00f3d van arra is, hogy az ind\u00edt\u00f3 esem\u00e9ny egy ajt\u00f3 kinyit\u00e1sa legyen, t\u00e1rolva ezzel az \u00e9rkez\u0151 f\u00e9nyk\u00e9p\u00e9t. A k\u00e9pet a rendszer az esem\u00e9nnyel p\u00e1ros\u00edtva t\u00e1rolja az adatb\u00e1zisban. T\u00f6bb kamer\u00e1t is tartalmazhat a rendszer, minden kamer\u00e1n\u00e1l megadhat\u00f3, hogy melyik olvas\u00f3hoz tartozik,\u00a0 milyen esem\u00e9nyekn\u00e9l k\u00e9sz\u00edtsen felv\u00e9telt \u00e9s egy k\u00e9sleltet\u00e9s m\u00e1sodpercben, az esem\u00e9ny bek\u00f6vetkez\u00e9se ut\u00e1n mennyivel k\u00e9sz\u00fclj\u00f6n\u00a0 a k\u00e9p. A t\u00e1rolt k\u00e9pek az esem\u00e9nyek list\u00e1j\u00e1ban vagy a munkaid\u0151 list\u00e1ban n\u00e9zhet\u0151k vissza.<\/p>\n<p>A csomag mindent tartalmaz egy egykamer\u00e1s rendszerhez, mag\u00e1hoz a kamer\u00e1hoz csak egy UTP k\u00e1belt kell kih\u00fazni, a t\u00e1pell\u00e1t\u00e1st is az biztos\u00edtja. A csomag tartalma:<\/p>\n<p>&#8211; Dahua IPC-HDBW1230E k\u00fclt\u00e9ri dom kamera<\/p>\n<p>&#8211; Ubiquiti U-POE-AF PoE injector<\/p>\n<p>&#8211; wBox2000 kamera modul max 2db kamer\u00e1hoz<\/p>\n","protected":false},"excerpt":{"rendered":"<p>Olvas\u00f3 haszn\u00e1latakor k\u00e9sz\u00edt egy felv\u00e9telt az olvas\u00f3 haszn\u00e1l\u00f3j\u00e1r\u00f3l. De m\u00f3d van arra is, hogy az ind\u00edt\u00f3 esem\u00e9ny egy ajt\u00f3 kinyit\u00e1sa legyen, t\u00e1rolva ezzel az \u00e9rkez\u0151 f\u00e9nyk\u00e9p\u00e9t. A csomag mindent tartalmaz egy egykamer\u00e1s rendszerhez, a kamer\u00e1hoz csak egy UTP k\u00e1belt kell kih\u00fazni, a t\u00e1pell\u00e1t\u00e1st is az biztos\u00edtja.<\/p>\n","protected":false},"featured_media":312,"template":"","meta":[],"product_cat":[17],"product_tag":[],"class_list":{"0":"post-310","1":"product","2":"type-product","3":"status-publish","4":"has-post-thumbnail","6":"product_cat-belepteto-szoftverek","8":"first","9":"instock","10":"taxable","11":"shipping-taxable","12":"purchasable","13":"product-type-simple"},"_links":{"self":[{"href":"https:\/\/webaruhaz.n1soft.hu\/index.php\/wp-json\/wp\/v2\/product\/310","targetHints":{"allow":["GET"]}}],"collection":[{"href":"https:\/\/webaruhaz.n1soft.hu\/index.php\/wp-json\/wp\/v2\/product"}],"about":[{"href":"https:\/\/webaruhaz.n1soft.hu\/index.php\/wp-json\/wp\/v2\/types\/product"}],"wp:featuredmedia":[{"embeddable":true,"href":"https:\/\/webaruhaz.n1soft.hu\/index.php\/wp-json\/wp\/v2\/media\/312"}],"wp:attachment":[{"href":"https:\/\/webaruhaz.n1soft.hu\/index.php\/wp-json\/wp\/v2\/media?parent=310"}],"wp:term":[{"taxonomy":"product_cat","embeddable":true,"href":"https:\/\/webaruhaz.n1soft.hu\/index.php\/wp-json\/wp\/v2\/product_cat?post=310"},{"taxonomy":"product_tag","embeddable":true,"href":"https:\/\/webaruhaz.n1soft.hu\/index.php\/wp-json\/wp\/v2\/product_tag?post=310"}],"curies":[{"name":"wp","href":"https:\/\/api.w.org\/{rel}","templated":true}]}}