{"id":315,"date":"2025-03-14T10:57:44","date_gmt":"2025-03-14T09:57:44","guid":{"rendered":"https:\/\/webaruhaz.n1soft.hu\/?post_type=product&#038;p=315"},"modified":"2026-01-06T09:11:23","modified_gmt":"2026-01-06T08:11:23","slug":"wbox2000-geo-kerites","status":"publish","type":"product","link":"https:\/\/webaruhaz.n1soft.hu\/index.php\/termek\/wbox2000-geo-kerites\/","title":{"rendered":"wBox2000 Geo-Ker\u00edt\u00e9s"},"content":{"rendered":"<div>A wBox2000 rendszerhez tartoz\u00f3 wBoxOpen Androidos alkalmaz\u00e1s haszn\u00e1lata korl\u00e1tozhat\u00f3 egy adott pont k\u00f6r\u00fcli sug\u00e1rra. \u00c9rv\u00e9nyes k\u00f3dsz\u00e1mos nyit\u00e1s, vagy munkaid\u0151 \u00fczenet csak ezen bel\u00fcl k\u00fcldhet\u0151. Vez\u00e9rl\u0151 v\u00e1s\u00e1rl\u00e1sa eset\u00e9n vagy munkaid\u0151 rendszerhez vehet\u0151 ig\u00e9nybe.<\/div>\n<div><\/div>\n<div><\/div>\n","protected":false},"excerpt":{"rendered":"<p>Geofence, a wBox2000 rendszerhez tartoz\u00f3 wBoxOpen Androidos alkalmaz\u00e1s haszn\u00e1lata korl\u00e1tozhat\u00f3 egy adott pont k\u00f6r\u00fcli sug\u00e1rra.<\/p>\n","protected":false},"featured_media":189,"template":"","meta":[],"product_cat":[17],"product_tag":[],"class_list":{"0":"post-315","1":"product","2":"type-product","3":"status-publish","4":"has-post-thumbnail","6":"product_cat-belepteto-szoftverek","8":"first","9":"instock","10":"taxable","11":"shipping-taxable","12":"purchasable","13":"product-type-simple"},"_links":{"self":[{"href":"https:\/\/webaruhaz.n1soft.hu\/index.php\/wp-json\/wp\/v2\/product\/315","targetHints":{"allow":["GET"]}}],"collection":[{"href":"https:\/\/webaruhaz.n1soft.hu\/index.php\/wp-json\/wp\/v2\/product"}],"about":[{"href":"https:\/\/webaruhaz.n1soft.hu\/index.php\/wp-json\/wp\/v2\/types\/product"}],"wp:featuredmedia":[{"embeddable":true,"href":"https:\/\/webaruhaz.n1soft.hu\/index.php\/wp-json\/wp\/v2\/media\/189"}],"wp:attachment":[{"href":"https:\/\/webaruhaz.n1soft.hu\/index.php\/wp-json\/wp\/v2\/media?parent=315"}],"wp:term":[{"taxonomy":"product_cat","embeddable":true,"href":"https:\/\/webaruhaz.n1soft.hu\/index.php\/wp-json\/wp\/v2\/product_cat?post=315"},{"taxonomy":"product_tag","embeddable":true,"href":"https:\/\/webaruhaz.n1soft.hu\/index.php\/wp-json\/wp\/v2\/product_tag?post=315"}],"curies":[{"name":"wp","href":"https:\/\/api.w.org\/{rel}","templated":true}]}}