{"id":324,"date":"2025-06-06T06:23:42","date_gmt":"2025-06-06T04:23:42","guid":{"rendered":"https:\/\/webaruhaz.n1soft.hu\/?post_type=product&#038;p=324"},"modified":"2025-06-06T06:30:27","modified_gmt":"2025-06-06T04:30:27","slug":"megbontas-ellen-vedo-matrica-n1soft-original","status":"publish","type":"product","link":"https:\/\/webaruhaz.n1soft.hu\/index.php\/termek\/megbontas-ellen-vedo-matrica-n1soft-original\/","title":{"rendered":"Megbont\u00e1s ellen v\u00e9d\u0151 matrica &#8222;N1Soft &#8211; Original&#8221;"},"content":{"rendered":"<p>Ellen\u0151rz\u0151 ponthoz megbont\u00e1sa ellen v\u00e9d\u0151 hologramos matrica &#8222;N1Soft &#8211; Original&#8221; felirattal.\u00a0 Id\u0151j\u00e1r\u00e1s, v\u00edz \u00e9s vegyszer\u00e1ll\u00f3, nyom n\u00e9lk\u00fcl nem elt\u00e1vol\u00edthat\u00f3. 20mm \u00e1tm\u00e9r\u0151j\u0171.<\/p>\n","protected":false},"excerpt":{"rendered":"<p>Megbont\u00e1s ellen v\u00e9d\u0151 matrica<\/p>\n","protected":false},"featured_media":325,"template":"","meta":[],"product_cat":[18],"product_tag":[],"class_list":{"0":"post-324","1":"product","2":"type-product","3":"status-publish","4":"has-post-thumbnail","6":"product_cat-olvasok-kartyak","8":"first","9":"instock","10":"taxable","11":"shipping-taxable","12":"purchasable","13":"product-type-simple"},"_links":{"self":[{"href":"https:\/\/webaruhaz.n1soft.hu\/index.php\/wp-json\/wp\/v2\/product\/324","targetHints":{"allow":["GET"]}}],"collection":[{"href":"https:\/\/webaruhaz.n1soft.hu\/index.php\/wp-json\/wp\/v2\/product"}],"about":[{"href":"https:\/\/webaruhaz.n1soft.hu\/index.php\/wp-json\/wp\/v2\/types\/product"}],"wp:featuredmedia":[{"embeddable":true,"href":"https:\/\/webaruhaz.n1soft.hu\/index.php\/wp-json\/wp\/v2\/media\/325"}],"wp:attachment":[{"href":"https:\/\/webaruhaz.n1soft.hu\/index.php\/wp-json\/wp\/v2\/media?parent=324"}],"wp:term":[{"taxonomy":"product_cat","embeddable":true,"href":"https:\/\/webaruhaz.n1soft.hu\/index.php\/wp-json\/wp\/v2\/product_cat?post=324"},{"taxonomy":"product_tag","embeddable":true,"href":"https:\/\/webaruhaz.n1soft.hu\/index.php\/wp-json\/wp\/v2\/product_tag?post=324"}],"curies":[{"name":"wp","href":"https:\/\/api.w.org\/{rel}","templated":true}]}}